{"id":5018,"date":"2023-09-22T14:25:11","date_gmt":"2023-09-22T21:25:11","guid":{"rendered":"https:\/\/gorgefriends.org\/inicio\/"},"modified":"2025-05-20T12:07:18","modified_gmt":"2025-05-20T19:07:18","slug":"inicio","status":"publish","type":"page","link":"https:\/\/gorgefriends.org\/es\/","title":{"rendered":"Inicio"},"content":{"rendered":"\n\n\n<div class=\"block--image-text ts-py-block-sm ts-friendly transparent\">\n  <div class=\"md:ts-grid-col-2 md:gap-3xl lg:gap-6xl md:justify-between xl:container p-site\">\n\n        <div class=\"flex flex-col items-justified-center mb-lg md:mb-0 md:-w-[5\/12] lg:ml-2xl\">\n      <div>\n      \n\n      \n<div class=\"component--section-title--align-left flex flex-col gap-sm\">\n\n    <div class=\"\">\n        \n\n  <p class=\"h5 mb-base\">\n                  <span class=\"ts-text-low-contrast\">NUESTRO TRABAJO<\/span>\n      <\/p>\n\n<h2 class=\"h2 ts-text-high-contrast \">Proteger y conservar<\/h2>\n  <div class=\"body-base  ts-text-high-contrast wp-block-post-content \"><p style=\"text-align: left;\">Protegemos los paisajes, h\u00e1bitats, recursos y comunidades del \u00c1rea Esc\u00e9nica Nacional del Gorge del R\u00edo Columbia mediante la defensa, la adquisici\u00f3n de tierras, los litigios y la educaci\u00f3n p\u00fablica.<\/p>\n<\/div>\n\n  <\/div>\n\n          <div class=\"md:block shrink-0\">\n      <div class=\"flex flex-col md:flex-row gap-base lg:gap-md justify-start\">\n\n                \n\n  \n\n\n\n  <a class=\"btn-solid btn--lg block md:inline-block text-center \" href=\"https:\/\/gorgefriends.org\/what-we-do\/protect-conserve\/\" target=\"\"  \n    >\n\n                          \n                              <span class=\" \">\n          Nuestros proyectos<\/span>\n              \n                          \n  <\/a>\n  \n\n\n\n  <a class=\"btn-outline btn--lg block md:inline-block text-center \" href=\"\/what-we-do\/protect-conserve\/land-acquisition-trust\/\" target=\"\"  \n    >\n\n                          \n                              <span class=\" \">\n          Friends Fondo de Tierras<\/span>\n              \n                          \n  <\/a>\n\n      <\/div>\n    <\/div>\n  \n<\/div>\n  \n      <\/div>\n    <\/div>         <div class=\"aspect-[5\/3] overflow-hidden ts-border-radius\">\n      \n\n\n        \n        <figure class=\"w-full h-full\">\n      <img decoding=\"async\"\n        srcset='https:\/\/gorgefriends.org\/wp-content\/uploads\/2023\/12\/Media-1-1.png 581w, https:\/\/gorgefriends.org\/wp-content\/uploads\/2023\/12\/Media-1-1-300x200.png 300w'\n        src=\"https:\/\/gorgefriends.org\/wp-content\/uploads\/2023\/12\/Media-1-1.png\"\n        width=\"581\" height=\"388\"\n        sizes=\"auto, auto\"\n        alt=\"\"\n        class=\"lazyloaded w-full h-full object-cover\"\n        loading=\"lazy\"\n              >\n          <\/figure>\n            <\/div>\n\n  <\/div>\n<\/div>\n\n\n\n\n\n<div class=\"block--image-text ts-py-block-sm ts-friendly transparent\">\n  <div class=\"md:ts-grid-col-2 md:gap-3xl lg:gap-6xl md:justify-between xl:container p-site\">\n\n        <div class=\"flex flex-col items-justified-center mb-lg md:mb-0 md:-w-[5\/12] order-2\">\n      <div>\n      \n\n      \n<div class=\"component--section-title--align-left flex flex-col gap-sm\">\n\n    <div class=\"\">\n        \n\n  <p class=\"h5 mb-base\">\n                  <span class=\"ts-text-low-contrast\">NUESTRO TRABAJO<\/span>\n      <\/p>\n\n<h2 class=\"h2 ts-text-high-contrast \">Programas y Eventos al Aire Libre<\/h2>\n  <div class=\"body-base  ts-text-high-contrast wp-block-post-content \"><p>\u00danete a nosotros en excursiones educativas e inspiradoras que profundizar\u00e1n tu apreciaci\u00f3n de la Gorge y reforzar\u00e1n tu compromiso con la conservaci\u00f3n de sus paisajes \u00fanicos.<\/p>\n<\/div>\n\n  <\/div>\n\n          <div class=\"md:block shrink-0\">\n      <div class=\"flex flex-col md:flex-row gap-base lg:gap-md justify-start\">\n\n                \n\n  \n\n\n\n  <a class=\"btn-solid btn--lg block md:inline-block text-center \" href=\"\/events\/\" target=\"\"  \n    >\n\n                          \n                              <span class=\" \">\n          Buscar un acto<\/span>\n              \n                          \n  <\/a>\n\n      <\/div>\n    <\/div>\n  \n<\/div>\n  \n      <\/div>\n    <\/div>         <div class=\"aspect-[5\/3] overflow-hidden ts-border-radius\">\n      \n\n\n        \n        <figure class=\"w-full h-full\">\n      <img decoding=\"async\"\n        \n        src=\"https:\/\/gorgefriends.org\/wp-content\/uploads\/2025\/01\/047A7705.jpg\"\n        width=\"8688\" height=\"5792\"\n        sizes=\"auto, auto\"\n        alt=\"\"\n        class=\"lazyloaded w-full h-full object-cover\"\n        loading=\"lazy\"\n              >\n                        \n\n<figcaption class=\"caption--below body-xs px-sm pt-2xs  hidden ts-text-low-contrast p-2xs lg:px-0 lg:pb-0 text-left\">\n  <div class=\"ts-text-md-contrast \">Hiking at Lyle Cherry Orchard during wildflower season. Photo by Monique Trevett.<\/div>\n<\/figcaption>\n                  <\/figure>\n            <\/div>\n\n  <\/div>\n<\/div>\n\n\n\n\n\n\n  \n<article class=\"block--cta ts-lovey ts-block-container \">\n  <div class=\"flex gap-md flex-col p-xl text-center ts-border-radius md:text-left md:flex-row md:items-center\n  md:justify-between ts-bg-lt ts-py-block\">\n\n              <div class=\"flex flex-grow flex-col gap-base md:max-w-[60%]\">\n        \n  <p class=\"h5 ts-text-low-contrast\">Mantente conectado<\/p>\n  <h2 class=\"h2 ts-text-high-contrast\">Convi\u00e9rtete en Defensor de la Gorge<\/h2>\n  <div class=\"wysiwyg-wrapper body-base ts-text-high-contrast\">\n    <h1>\u00danete a nuestra comunidad en l\u00ednea para recibir en tu bandeja de entrada las \u00faltimas actualizaciones sobre conservaci\u00f3n, alertas de acci\u00f3n e invitaciones a salidas guiadas al aire libre y eventos especiales. Puedes darte de baja en cualquier momento. <\/h1>\n\n  <\/div>\n      <\/div>\n    \n              <div class=\"shrink-0 flex flex-col md:flex-row gap-sm md:gap-md md:max-w-[25%]\">\n                \n\n  \n\n\n\n  <a class=\"btn-solid btn--lg block md:inline-block text-center \" href=\"https:\/\/act.gorgefriends.org\/a\/subscribe\" target=\"_blank\"  \n    >\n\n                          \n                              <span class=\" \">\n          Suscr\u00edbete<\/span>\n              \n                          \n  <\/a>\n      <\/div>\n    \n  <\/div>\n<\/article>\n\n\n\n  \n\n      \n\n<div class=\"block--banner--default relative ts-lovey ts-py-block-sm \">\n\n    <div class=\"xl:container p-site \">\n                <div class=\"\">\n            \n\n      \n<div class=\"component--section-title--align-left flex flex-col gap-sm\">\n\n    <div class=\"\">\n        \n\n  <p class=\"h5 mb-base\">\n                  <span class=\"ts-text-low-contrast\">Qui\u00e9nes somos<\/span>\n      <\/p>\n\n<h2 class=\"h2 ts-text-high-contrast \">Friends of the Columbia Gorge<\/h2>\n  <div class=\"body-base  ts-text-high-contrast wp-block-post-content \"><p style=\"text-align: left;\">Friends es la \u00fanica organizaci\u00f3n conservacionista dedicada por entero a proteger, preservar y administrar el Columbia Gorge para las generaciones futuras. Garantizar que el Gorge siga siendo un lugar vivo y vibrante -maravilloso, salvaje y abierto a todos- es la esencia de lo que hacemos. <\/p>\n<\/div>\n\n  <\/div>\n\n          <div class=\"md:block shrink-0\">\n      <div class=\"flex flex-col md:flex-row gap-base lg:gap-md justify-start\">\n\n                \n\n  \n\n\n\n  <a class=\"btn-solid btn--lg block md:inline-block text-center \" href=\"\/who-we-are\/mission\/\" target=\"\"  \n    >\n\n                          \n                              <span class=\" \">\n          Nuestra misi\u00f3n<\/span>\n              \n                          \n  <\/a>\n  \n\n\n\n  <a class=\"btn-outline btn--lg block md:inline-block text-center \" href=\"https:\/\/gorgefriends.org\/who-we-are\/our-team\/\" target=\"\"  \n    >\n\n                          \n                              <span class=\" \">\n          Conoce a nuestro equipo<\/span>\n              \n                          \n  <\/a>\n\n      <\/div>\n    <\/div>\n  \n<\/div>\n          <\/div>                        <div class=\"banner--center-image-wrapper  overflow-hidden  mt-xs\">\n            \n\n\n        \n        <figure class=\"\">\n      <img decoding=\"async\"\n        \n        src=\"https:\/\/gorgefriends.org\/wp-content\/uploads\/2024\/09\/Sunrise-from-the-Portland-Womens-Forum-Scenic-Viewpoint-_-Chris-Elkinton-copy-2-jpg-webp.webp\"\n        width=\"2000\" height=\"969\"\n        sizes=\"auto, auto\"\n        alt=\"Sunrise from the Portland Women's Forum Scenic Viewpoint. Photo by Chris Elkinton.\"\n        class=\" lazyloaded object-cover w-full ts-border-radius \"\n        loading=\"lazy\"\n              >\n                        \n\n<figcaption class=\"caption--below body-xs px-sm pt-2xs  p-2xs lg:px-0 lg:pb-0 text-left\">\n  <div class=\"ts-text-md-contrast \">Sunrise from the Portland Women&#8217;s Forum Scenic Viewpoint. Photo by Chris Elkinton.<\/div>\n<\/figcaption>\n                  <\/figure>\n          <\/div>\n          <\/div>\n\n<\/div>\n  \n\n\n          \n\n<div class=\"block--card-grid block--card-grid--wayfinding ts-py-block-sm transparent\">\n  <div class=\"ts-block-container\">\n    \n\n      \n<div class=\"component--section-title--center text-center flex flex-col md:items-center gap-sm mb-base md:mb-xl\">\n\n    <div class=\"md:max-w-[730px]\">\n\n        \n\n\n<h2 class=\"h2 ts-text-high-contrast mb-base\">Participa<\/h2>\n  <div class=\"body-base  ts-text-high-contrast wp-block-post-content \"><p style=\"text-align: left;\">\u00danete a nosotros para salvaguardar el Columbia Gorge. Ya sea mediante la afiliaci\u00f3n, el voluntariado, la administraci\u00f3n o la defensa y el activismo, hay muchas formas de apoyar este lugar m\u00e1gico.<\/p>\n<\/div>\n\n  <\/div>\n\n  \n<\/div>\n  \n    <div class=\"ts-grid-col-1 md:ts-grid-col-4\">\n                              \n\n<div class=\"card-md ts-border-radius relative ts-hocus-scale ts-bg-card overflow-hidden hocus-card-shadow\">\n\n        <div class=\" overflow-hidden ts-border-radius  aspect-[3\/2] \">\n                      \n\n\n        \n        <figure class=\"\">\n      <img decoding=\"async\"\n        \n        src=\"https:\/\/gorgefriends.org\/wp-content\/uploads\/2024\/06\/Header-Volunteer-Stewardship-jpg-webp-webp.webp\"\n        width=\"2000\" height=\"800\"\n        sizes=\"auto, auto\"\n        alt=\"Volunteer Stewardship. Photo by Cate Hotchkiss.\"\n        class=\" lazyloaded object-cover w-full  aspect-[3\/2] \"\n        loading=\"lazy\"\n              >\n                                  \n\n<figcaption class=\"caption--below body-xs px-sm pt-2xs  sr-only text-left\">\n  <div class=\"ts-text-md-contrast \">Volunteer Stewardship. Photo by Cate Hotchkiss.<\/div>\n<\/figcaption>\n                  <\/figure>\n              <\/div>\n  \n    <div class=\"p-md\">\n\n                \n\n  <a href=\"https:\/\/gorgefriends.org\/what-we-do\/outdoor-engagement\/volunteer-stewardship\/\" class=\"card-overlay-link absolute left-0 top-0 w-full h-full z-3 \"\n     aria-hidden=\"true\" tabindex=\"-1\" aria-label=\"overlay link\"><\/a>\n    \n                      <a href=\"https:\/\/gorgefriends.org\/what-we-do\/outdoor-engagement\/volunteer-stewardship\/\" class=\"card-title-hocus\">\n              <h3 class=\"h3 mb-2xs text-center ts-text-high-contrast\">\n          Voluntario\n        <\/h3>\n            <\/a>\n          \n              <div class=\"body-sm ts-text-md-contrast text-center\">Descubre las pr\u00f3ximas oportunidades de voluntariado y participa.<\/div>\n    \n  <\/div> <\/div>\n                              \n\n<div class=\"card-md ts-border-radius relative ts-hocus-scale ts-bg-card overflow-hidden hocus-card-shadow\">\n\n        <div class=\" overflow-hidden ts-border-radius  aspect-[3\/2] \">\n                      \n\n\n        \n        <figure class=\"\">\n      <img decoding=\"async\"\n        \n        src=\"https:\/\/gorgefriends.org\/wp-content\/uploads\/2024\/10\/Mosier-Press-Release1706909761-4051150-jpg.webp\"\n        width=\"2350\" height=\"1175\"\n        sizes=\"auto, auto\"\n        alt=\"Mosier Plateau, one of the many beautiful landscapes between Mosier and The Dalles, OR, that will form a part of the eventual trail linking the two towns. (Cate Hotchkiss)\"\n        class=\" lazyloaded object-cover w-full  aspect-[3\/2] \"\n        loading=\"lazy\"\n              >\n                                  \n\n<figcaption class=\"caption--below body-xs px-sm pt-2xs  sr-only text-left\">\n  <div class=\"ts-text-md-contrast \">Mosier Plateau, one of the many beautiful landscapes between Mosier and The Dalles, OR, that will form a part of the eventual trail linking the two towns. (Cate Hotchkiss)\n<\/div>\n<\/figcaption>\n                  <\/figure>\n              <\/div>\n  \n    <div class=\"p-md\">\n\n                \n\n  <a href=\"https:\/\/gorgefriends.org\/find-a-hike\" class=\"card-overlay-link absolute left-0 top-0 w-full h-full z-3 \"\n     aria-hidden=\"true\" tabindex=\"-1\" aria-label=\"overlay link\"><\/a>\n    \n                      <a href=\"https:\/\/gorgefriends.org\/find-a-hike\" class=\"card-title-hocus\">\n              <h3 class=\"h3 mb-2xs text-center ts-text-high-contrast\">\n          Encuentra una excursi\u00f3n\n        <\/h3>\n            <\/a>\n          \n              <div class=\"body-sm ts-text-md-contrast text-center\">Encuentra la excursi\u00f3n perfecta a Columbia Gorge para tu pr\u00f3xima aventura con nuestro mapa interactivo.<\/div>\n    \n  <\/div> <\/div>\n                              \n\n<div class=\"card-md ts-border-radius relative ts-hocus-scale ts-bg-card overflow-hidden hocus-card-shadow\">\n\n        <div class=\" overflow-hidden ts-border-radius  aspect-[3\/2] \">\n                      \n\n\n        \n        <figure class=\"\">\n      <img decoding=\"async\"\n        \n        src=\"https:\/\/gorgefriends.org\/wp-content\/uploads\/2024\/09\/Careers-Page-Header-jpg-webp-webp.webp\"\n        width=\"2000\" height=\"1333\"\n        sizes=\"auto, auto\"\n        alt=\"Friends staff members at Summerfest 2024 at Cape Horn Preserve.\"\n        class=\" lazyloaded object-cover w-full  aspect-[3\/2] \"\n        loading=\"lazy\"\n              >\n                                  \n\n<figcaption class=\"caption--below body-xs px-sm pt-2xs  sr-only text-left\">\n  <div class=\"ts-text-md-contrast \">Friends staff members at Summerfest 2024 at Cape Horn Preserve. Photo by Joe Wong.<\/div>\n<\/figcaption>\n                  <\/figure>\n              <\/div>\n  \n    <div class=\"p-md\">\n\n                \n\n  <a href=\"\/events\" class=\"card-overlay-link absolute left-0 top-0 w-full h-full z-3 \"\n     aria-hidden=\"true\" tabindex=\"-1\" aria-label=\"overlay link\"><\/a>\n    \n                      <a href=\"\/events\" class=\"card-title-hocus\">\n              <h3 class=\"h3 mb-2xs text-center ts-text-high-contrast\">\n          Eventos\n        <\/h3>\n            <\/a>\n          \n              <div class=\"body-sm ts-text-md-contrast text-center\">Conecta con la naturaleza y con tu comunidad a trav\u00e9s de nuestros eventos.<\/div>\n    \n  <\/div> <\/div>\n                              \n\n<div class=\"card-md ts-border-radius relative ts-hocus-scale ts-bg-card overflow-hidden hocus-card-shadow\">\n\n        <div class=\" overflow-hidden ts-border-radius  aspect-[3\/2] \">\n                      \n\n\n        \n        <figure class=\"\">\n      <img decoding=\"async\"\n        srcset='https:\/\/gorgefriends.org\/wp-content\/uploads\/2024\/09\/Zimmerly-Quarry-Header.png 2000w, https:\/\/gorgefriends.org\/wp-content\/uploads\/2024\/09\/Zimmerly-Quarry-Header-300x150.png 300w, https:\/\/gorgefriends.org\/wp-content\/uploads\/2024\/09\/Zimmerly-Quarry-Header-1024x512.png 1024w, https:\/\/gorgefriends.org\/wp-content\/uploads\/2024\/09\/Zimmerly-Quarry-Header-768x384.png 768w, https:\/\/gorgefriends.org\/wp-content\/uploads\/2024\/09\/Zimmerly-Quarry-Header-1536x768.png 1536w'\n        src=\"https:\/\/gorgefriends.org\/wp-content\/uploads\/2024\/09\/Zimmerly-Quarry-Header.png\"\n        width=\"2000\" height=\"1000\"\n        sizes=\"auto, auto\"\n        alt=\"The Zimmerly mine (in the foreground) in the Columbia River Gorge National Scenic Area. Photo by Brady Holden.\"\n        class=\" lazyloaded object-cover w-full  aspect-[3\/2] \"\n        loading=\"lazy\"\n              >\n                                  \n\n<figcaption class=\"caption--below body-xs px-sm pt-2xs  sr-only text-left\">\n  <div class=\"ts-text-md-contrast \">The Zimmerly mine (in the foreground) in the Columbia River Gorge National Scenic Area. Photo by Brady Holden.<\/div>\n<\/figcaption>\n                  <\/figure>\n              <\/div>\n  \n    <div class=\"p-md\">\n\n                \n\n  <a href=\"https:\/\/gorgefriends.org\/get-involved\/action\/\" class=\"card-overlay-link absolute left-0 top-0 w-full h-full z-3 \"\n     aria-hidden=\"true\" tabindex=\"-1\" aria-label=\"overlay link\"><\/a>\n    \n                      <a href=\"https:\/\/gorgefriends.org\/get-involved\/action\/\" class=\"card-title-hocus\">\n              <h3 class=\"h3 mb-2xs text-center ts-text-high-contrast\">\n          Act\u00faa\n        <\/h3>\n            <\/a>\n          \n              <div class=\"body-sm ts-text-md-contrast text-center\">Mantente informado y aprende c\u00f3mo puedes utilizar tu voz para defender la conservaci\u00f3n en Gorge.<\/div>\n    \n  <\/div> <\/div>\n          <\/div>\n  <\/div>\n<\/div>\n\n\n  \n\n","protected":false},"excerpt":{"rendered":"","protected":false},"author":6,"featured_media":1462,"parent":0,"menu_order":0,"comment_status":"closed","ping_status":"closed","template":"templates\/landing-page.php","meta":{"_acf_changed":false,"footnotes":""},"class_list":["post-5018","page","type-page","status-publish","has-post-thumbnail","hentry"],"acf":[],"_links":{"self":[{"href":"https:\/\/gorgefriends.org\/es\/wp-json\/wp\/v2\/pages\/5018"}],"collection":[{"href":"https:\/\/gorgefriends.org\/es\/wp-json\/wp\/v2\/pages"}],"about":[{"href":"https:\/\/gorgefriends.org\/es\/wp-json\/wp\/v2\/types\/page"}],"author":[{"embeddable":true,"href":"https:\/\/gorgefriends.org\/es\/wp-json\/wp\/v2\/users\/6"}],"replies":[{"embeddable":true,"href":"https:\/\/gorgefriends.org\/es\/wp-json\/wp\/v2\/comments?post=5018"}],"version-history":[{"count":3,"href":"https:\/\/gorgefriends.org\/es\/wp-json\/wp\/v2\/pages\/5018\/revisions"}],"predecessor-version":[{"id":5031,"href":"https:\/\/gorgefriends.org\/es\/wp-json\/wp\/v2\/pages\/5018\/revisions\/5031"}],"wp:featuredmedia":[{"embeddable":true,"href":"https:\/\/gorgefriends.org\/es\/wp-json\/wp\/v2\/media\/1462"}],"wp:attachment":[{"href":"https:\/\/gorgefriends.org\/es\/wp-json\/wp\/v2\/media?parent=5018"}],"curies":[{"name":"wp","href":"https:\/\/api.w.org\/{rel}","templated":true}]}}