{"id":5014,"date":"2024-09-05T10:55:01","date_gmt":"2024-09-05T17:55:01","guid":{"rendered":"https:\/\/gorgefriends.org\/friends-del-gorge-expediente-judicial\/"},"modified":"2025-05-09T09:24:00","modified_gmt":"2025-05-09T16:24:00","slug":"friends-del-gorge-expediente-judicial","status":"publish","type":"page","link":"https:\/\/gorgefriends.org\/es\/friends-del-gorge-expediente-judicial\/","title":{"rendered":"Friends del Gorge Expediente Judicial"},"content":{"rendered":"\n<h3 class=\"wp-block-heading\">Nos centramos en litigios y procedimientos administrativos que ayuden a proteger el Gorgey establecer un precedente positivo para la toma de decisiones en el futuro.<\/h3>\n\n<p><\/p>\n\n<p>Consulta una <a href=\"https:\/\/gorgefriends.org\/columbia-river-gorge-national-scenic-area-case-law\/\">lista de casos anteriores<\/a> relacionados con el Gorge del R\u00edo Columbia \u00c1rea Esc\u00e9nica Nacional.<\/p>\n\n<h4 class=\"wp-block-heading\">Uso del suelo y zonificaci\u00f3n<\/h4>\n\n<ol class=\"wp-block-list\">\n<li><em>Save Our Scenic Area v. Skamania County<\/em>&nbsp;(Clark County Superior Court)\n<ul class=\"wp-block-list\">\n<li>Salvemos Nuestra Zona Esc\u00e9nica y Friends del Gorge present\u00f3 una demanda contra el condado de Skamania por no zonificar miles de acres de tierras forestales no zonificadas. El condado infringe la ley estatal por no adoptar la zonificaci\u00f3n y no proteger las tierras forestales para la silvicultura comercial. <\/li>\n\n\n\n<li><strong>Situaci\u00f3n:<\/strong> En julio de 2015, el Tribunal Supremo de Washington <a href=\"https:\/\/casetext.com\/case\/save-our-scenic-area-friends-gorge-v-skamania-cnty\" target=\"_blank\" rel=\"noreferrer noopener\">devolvi\u00f3<\/a> el caso al Tribunal Superior del condado de Clark. El litigio est\u00e1 en suspenso hasta que las partes agoten los esfuerzos de cooperaci\u00f3n para zonificar las tierras implicadas. En 2018 y 2019, el condado de Skamania zonific\u00f3 aproximadamente 12.000 acres de los aproximadamente 14.000 acres restantes de tierras de propiedad privada sin zonificar en todo el condado. Friends instar\u00e1 al condado a zonificar los 2.000 acres restantes en 2024 y\/o 2025.     <\/li>\n\n\n\n<li><strong>Letrados:<\/strong> J. Richard Aramburu (Salvemos Nuestra \u00c1rea Esc\u00e9nica), Nathan Baker (Friends)<\/li>\n<\/ul>\n<\/li>\n\n\n\n<li><em>Friends del Gorge contra el condado de Clark<\/em> (Comisi\u00f3n del Gorge del R\u00edo Columbia)\n<ul class=\"wp-block-list\">\n<li>Friends y los propietarios colindantes del condado de Clark recurrieron una <a href=\"https:\/\/assets.gorgefriends.org\/friends\/PDFs\/Legal\/REVISEDExaminerDecision2023-08-04.pdf\" target=\"_blank\" rel=\"noreferrer noopener\">decisi\u00f3n<\/a> del Examinador de Audiencias sobre Uso del Suelo del condado de Clark relativa a una <a href=\"https:\/\/gorgefriends.org\/protect-the-gorge\/gorge-issues\/zimmerly-quarry.html\" target=\"_blank\" rel=\"noreferrer noopener\">propuesta de explotaci\u00f3n minera<\/a> adyacente al Refugio Nacional de Vida Silvestre del Lago Steigerwald. Aunque el Examinador deneg\u00f3 correctamente la solicitud, la decisi\u00f3n contiene errores relativos al sistema de drenaje no permitido de la propiedad, as\u00ed como a los posibles recursos h\u00eddricos de la propiedad que merecen protecci\u00f3n. <\/li>\n\n\n\n<li><strong>Situaci\u00f3n:<\/strong> La sesi\u00f3n informativa est\u00e1 en curso. El recurso se argumentar\u00e1 en enero de 2025. <\/li>\n\n\n\n<li><strong>Abogados:<\/strong> Nathan Baker (Friends), Bryan Telegin (Vecinos)<\/li>\n<\/ul>\n<\/li>\n\n\n\n<li><em>Sociedad Audubon de Vancouver contra el Departamento de Recursos Naturales de Washington<\/em> (Tribunal de Apelaci\u00f3n de Washington)\n<ul class=\"wp-block-list\">\n<li>Friends y otras m\u00faltiples organizaciones conservacionistas presentaron una demanda contra el Departamento de Recursos Naturales y el Comisionado de Tierras P\u00fablicas de Washington por no proponer un h\u00e1bitat cr\u00edtico para la ardilla gris occidental en el plazo de 30 d\u00edas tras la inclusi\u00f3n de la especie en la lista estatal de especies en peligro, como exige la ley.<\/li>\n\n\n\n<li><strong>Situaci\u00f3n:<\/strong> La sesi\u00f3n informativa est\u00e1 en curso.  <\/li>\n\n\n\n<li><strong>Abogados:<\/strong> Bryan Telegin (todos los demandantes), Nathan Baker (Friends)<\/li>\n<\/ul>\n<\/li>\n\n\n\n<li><em>SmartLink, LLC contra el condado de Skamania<\/em> (Comisi\u00f3n del Gorge del R\u00edo Columbia)\n<ul class=\"wp-block-list\">\n<li>Friends intervino en un recurso presentado por dos empresas de comunicaciones inal\u00e1mbricas que impugnaban una decisi\u00f3n del Examinador de Audiencias del Condado de Skamania relativa a las ampliaciones propuestas de una torre de telefon\u00eda m\u00f3vil en Cook, Washington. El proyecto debe someterse a una revisi\u00f3n completa del uso del suelo conforme a las normas del \u00c1rea Esc\u00e9nica Nacional, en lugar de a una revisi\u00f3n acelerada, y la solicitud de uso del suelo no se &#8220;consider\u00f3 concedida&#8221; conforme a la ley federal de telecomunicaciones. <\/li>\n\n\n\n<li><strong>Situaci\u00f3n:<\/strong> La sesi\u00f3n informativa est\u00e1 en curso.  <\/li>\n\n\n\n<li><strong>Letrados:<\/strong> Nathan Baker y Steve McCoy<\/li>\n<\/ul>\n<\/li>\n\n\n\n<li><em>In re Decisi\u00f3n administrativa NSA-19-27<\/em> (Examinador de audiencias del condado de Skamania)\n<ul class=\"wp-block-list\">\n<li>Friends recurri\u00f3 una decisi\u00f3n de uso del suelo del condado de Skamania por la que se aprobaba una divisi\u00f3n del suelo, una vivienda unifamiliar y una urbanizaci\u00f3n asociada en Underwood, Washington. La solicitud de uso del suelo est\u00e1 incompleta y la decisi\u00f3n vulnera los criterios de protecci\u00f3n de los recursos paisaj\u00edsticos. <\/li>\n\n\n\n<li><strong>Situaci\u00f3n:<\/strong> La aprobaci\u00f3n del uso del suelo expir\u00f3 en agosto de 2023, lo que anula el recurso. Friends pedir\u00e1 confirmaci\u00f3n de este estado al condado de Skamania. <\/li>\n\n\n\n<li><strong>Abogado:<\/strong> Steve McCoy<\/li>\n<\/ul>\n<\/li>\n<\/ol>\n\n<p>Esta p\u00e1gina fue actualizada por \u00faltima vez el 8 de agosto de 2024 por <a href=\"mailto:nathan@gorgefriends.org\">Nathan Baker<\/a>.<\/p>\n","protected":false},"excerpt":{"rendered":"<p>Nos centramos en litigios y procedimientos administrativos que ayuden a proteger el Gorgey establecer un precedente positivo para la toma de decisiones en el futuro. Consulta una lista de casos [&hellip;]<\/p>\n","protected":false},"author":6,"featured_media":1425,"parent":0,"menu_order":0,"comment_status":"closed","ping_status":"closed","template":"","meta":{"_acf_changed":false,"footnotes":""},"class_list":["post-5014","page","type-page","status-publish","has-post-thumbnail","hentry"],"acf":[],"_links":{"self":[{"href":"https:\/\/gorgefriends.org\/es\/wp-json\/wp\/v2\/pages\/5014"}],"collection":[{"href":"https:\/\/gorgefriends.org\/es\/wp-json\/wp\/v2\/pages"}],"about":[{"href":"https:\/\/gorgefriends.org\/es\/wp-json\/wp\/v2\/types\/page"}],"author":[{"embeddable":true,"href":"https:\/\/gorgefriends.org\/es\/wp-json\/wp\/v2\/users\/6"}],"replies":[{"embeddable":true,"href":"https:\/\/gorgefriends.org\/es\/wp-json\/wp\/v2\/comments?post=5014"}],"version-history":[{"count":1,"href":"https:\/\/gorgefriends.org\/es\/wp-json\/wp\/v2\/pages\/5014\/revisions"}],"predecessor-version":[{"id":5015,"href":"https:\/\/gorgefriends.org\/es\/wp-json\/wp\/v2\/pages\/5014\/revisions\/5015"}],"wp:featuredmedia":[{"embeddable":true,"href":"https:\/\/gorgefriends.org\/es\/wp-json\/wp\/v2\/media\/1425"}],"wp:attachment":[{"href":"https:\/\/gorgefriends.org\/es\/wp-json\/wp\/v2\/media?parent=5014"}],"curies":[{"name":"wp","href":"https:\/\/api.w.org\/{rel}","templated":true}]}}