{"id":4677,"date":"2025-01-10T14:44:31","date_gmt":"2025-01-10T22:44:31","guid":{"rendered":"https:\/\/live-frcg.pantheonsite.io\/salidas-guiadas\/"},"modified":"2025-04-18T13:11:00","modified_gmt":"2025-04-18T20:11:00","slug":"salidas-guiadas","status":"publish","type":"page","link":"https:\/\/gorgefriends.org\/es\/salidas-guiadas\/","title":{"rendered":"Salidas guiadas"},"content":{"rendered":"\n<p><\/p>\n\n<p>Desde la fundaci\u00f3n de Friends of the Columbia Gorge en 1980, las salidas guiadas al aire libre se han entretejido en el ADN de nuestra organizaci\u00f3n.<\/p>\n\n<p>Las excursiones guiadas por el Columbia Gorge son una de las mejores formas de conocer y experimentar este lugar \u00fanico. Mediante eventos basados en el lugar, podemos fomentar la comunidad y capacitar a las comunidades Gorge para que se unan a Friends en la protecci\u00f3n de este lugar que llamamos hogar explorando nuestras Friends reservas, senderos y zonas de uso diurno que se encuentran en la zona panor\u00e1mica. <\/p>\n\n<p>Las personas experimentan la naturaleza y conectan con ella de formas diferentes, por lo que nuestro objetivo es ofrecer una amplia variedad de experiencias al aire libre que se adapten a las necesidades de cada individuo. Ofrecemos multitud de salidas que incluyen pasear, hacer senderismo, meditar, crear arte, observar la vida salvaje y mucho m\u00e1s.   <\/p>\n\n<div class=\"wp-block-buttons is-content-justification-center is-layout-flex wp-container-core-buttons-is-layout-1 wp-block-buttons-is-layout-flex\">\n<div class=\"wp-block-button has-custom-width wp-block-button__width-25\"><a class=\"wp-block-button__link wp-element-button\" href=\"https:\/\/www.mobilize.us\/gorgefriends\/?show_all_events=true&amp;tag_ids=23561\">Inscribirse en las salidas<\/a><\/div>\n<\/div>\n\n<figure class=\"wp-block-image aligncenter size-full is-resized\"><img data-dominant-color=\"1f5934\" data-has-transparency=\"true\" loading=\"lazy\" decoding=\"async\" width=\"900\" height=\"139\" src=\"https:\/\/gorgefriends.org\/wp-content\/uploads\/2024\/09\/River-Outline-Foliage-Green-PNG.png\" alt=\"\" class=\"has-transparency wp-image-4345\" style=\"--dominant-color: #1f5934; width:180px\" srcset=\"https:\/\/gorgefriends.org\/wp-content\/uploads\/2024\/09\/River-Outline-Foliage-Green-PNG.png 900w, https:\/\/gorgefriends.org\/wp-content\/uploads\/2024\/09\/River-Outline-Foliage-Green-PNG-300x46.png 300w, https:\/\/gorgefriends.org\/wp-content\/uploads\/2024\/09\/River-Outline-Foliage-Green-PNG-768x119.png 768w\" sizes=\"auto, (max-width: 900px) 100vw, 900px\" \/><\/figure>\n\n<div style=\"height:33px\" aria-hidden=\"true\" class=\"wp-block-spacer\"><\/div>\n\n<p><em>* Los asteriscos indican un evento de fin de semana.<\/em><br\/><strong>Las negritas indican un acto s\u00f3lo para miembros.<\/strong><\/p>\n\n<p>Actualmente est\u00e1 abierta la inscripci\u00f3n para las siguientes salidas:<\/p>\n\n<ul class=\"wp-block-list\">\n<li>29 de marzo*: Fotograf\u00eda de doble exposici\u00f3n en Starvation Creek <em>(F\u00e1cil)<\/em><\/li>\n\n\n\n<li>6 de abril*: Paseo por las Flores Silvestres de la Tranquilidad en Catherine Creek <em>(F\u00e1cil)<\/em><\/li>\n\n\n\n<li><strong>10 de abril: Senderismo Persiguiendo Cascadas y Flores Silvestres en las Cascadas de Latourell<\/strong> <em>(moderada)<\/em><\/li>\n\n\n\n<li>12 de abril*: Caminata de flores silvestres en Catherine Creek con <a href=\"https:\/\/www.advenchair.com\/closer-look\" target=\"_blank\" rel=\"noreferrer noopener\"><strong>AdvenChairs<\/strong><\/a> <em>(F\u00e1cil)<\/em><\/li>\n\n\n\n<li>13 de abril*: Caminata por la Naturaleza en el Refugio Nacional de Vida Silvestre del Lago Steigerwald con AdvenChairs <em>(F\u00e1cil)<\/em><\/li>\n<\/ul>\n\n<p>La inscripci\u00f3n se abre el viernes 4 de abril a las 12 p.m. del Pac\u00edfico para las siguientes salidas: <\/p>\n\n<ul class=\"wp-block-list\">\n<li>15 de abril: Senderismo apto para perros por el delta del r\u00edo Sandy <em>(F\u00e1cil)<\/em><\/li>\n\n\n\n<li>17 de abril: Caminata por el Loop de East Catherine Creek <em>(Moderada)<\/em><\/li>\n\n\n\n<li>19 de abril*: <strong>Senderismo Ecol\u00f3gico Lyle Cherry Orchard<\/strong> <em>(F\u00e1cil)<\/em><\/li>\n\n\n\n<li>24 de abril: Senderismo por los Prados de Flores Silvestres del Rancho Dalles Mountain <em>(Moderado)<\/em><\/li>\n\n\n\n<li>26 de abril: Friends X Queer Mountaineers Senderismo en Lyle Cherry Orchard <em>(Extenuante)<\/em><\/li>\n\n\n\n<li>27 de abril*: Bicicleta de Monta\u00f1a por el Sendero Klickitat <em>(Moderado)<\/em><\/li>\n\n\n\n<li>29 de abril: De Steamboat Landing a Steigerwald Caminata apta para perros <em>(F\u00e1cil)<\/em><\/li>\n\n\n\n<li>30 de abril: Caminata de las Flores Silvestres de Primavera en el Huerto de Cerezos de Lyle <em>(Extenuante)<\/em><\/li>\n<\/ul>\n\n<p>La inscripci\u00f3n se abre el viernes 18 de abril a las 12 p.m. del Pac\u00edfico para las siguientes salidas: <\/p>\n\n<ul class=\"wp-block-list\">\n<li>1 de mayo: Apertura a la Naturaleza: Caminata de Atenci\u00f3n Plena por el Sendero Klickitat <em>(F\u00e1cil)<\/em><\/li>\n\n\n\n<li>2 de mayo: Paseo por los Petroglifos del Lago Horsethief y Paseo por las Rocas Danzantes <em>(F\u00e1cil)<\/em><\/li>\n\n\n\n<li>5 de mayo: <strong>Caminata Interpretativa Sams Walker m\u00e1s Caminata opcional Beacon Rock<\/strong> <em>(F\u00e1cil)<\/em><\/li>\n\n\n\n<li>10 de mayo*: Paseo por la Naturaleza en el Delta del R\u00edo Sandy <em>(F\u00e1cil)<\/em><\/li>\n\n\n\n<li>11 de mayo* &#8211; Sendero de la Meseta Mosier: Caminata de Inmersi\u00f3n en la Naturaleza para Ni\u00f1os <em>(F\u00e1cil)<\/em><\/li>\n<\/ul>\n","protected":false},"excerpt":{"rendered":"<p>Desde la fundaci\u00f3n de Friends of the Columbia Gorge en 1980, las salidas guiadas al aire libre se han entretejido en el ADN de nuestra organizaci\u00f3n. Las excursiones guiadas por [&hellip;]<\/p>\n","protected":false},"author":6,"featured_media":4471,"parent":0,"menu_order":0,"comment_status":"closed","ping_status":"closed","template":"","meta":{"_acf_changed":false,"footnotes":""},"class_list":["post-4677","page","type-page","status-publish","has-post-thumbnail","hentry"],"acf":[],"_links":{"self":[{"href":"https:\/\/gorgefriends.org\/es\/wp-json\/wp\/v2\/pages\/4677"}],"collection":[{"href":"https:\/\/gorgefriends.org\/es\/wp-json\/wp\/v2\/pages"}],"about":[{"href":"https:\/\/gorgefriends.org\/es\/wp-json\/wp\/v2\/types\/page"}],"author":[{"embeddable":true,"href":"https:\/\/gorgefriends.org\/es\/wp-json\/wp\/v2\/users\/6"}],"replies":[{"embeddable":true,"href":"https:\/\/gorgefriends.org\/es\/wp-json\/wp\/v2\/comments?post=4677"}],"version-history":[{"count":1,"href":"https:\/\/gorgefriends.org\/es\/wp-json\/wp\/v2\/pages\/4677\/revisions"}],"predecessor-version":[{"id":4678,"href":"https:\/\/gorgefriends.org\/es\/wp-json\/wp\/v2\/pages\/4677\/revisions\/4678"}],"wp:featuredmedia":[{"embeddable":true,"href":"https:\/\/gorgefriends.org\/es\/wp-json\/wp\/v2\/media\/4471"}],"wp:attachment":[{"href":"https:\/\/gorgefriends.org\/es\/wp-json\/wp\/v2\/media?parent=4677"}],"curies":[{"name":"wp","href":"https:\/\/api.w.org\/{rel}","templated":true}]}}