{"id":4461,"date":"2024-09-23T16:18:58","date_gmt":"2024-09-23T23:18:58","guid":{"rendered":"https:\/\/live-frcg.pantheonsite.io\/cambio-climatico-y-resiliencia\/"},"modified":"2025-03-21T15:25:34","modified_gmt":"2025-03-21T22:25:34","slug":"cambio-climatico-y-resiliencia","status":"publish","type":"page","link":"https:\/\/gorgefriends.org\/es\/cambio-climatico-y-resiliencia\/","title":{"rendered":"Cambio clim\u00e1tico y resiliencia"},"content":{"rendered":"\n<h3 class=\"wp-block-heading\"><strong>\u00bfQu\u00e9 est\u00e1 haciendo Friends para responder al cambio clim\u00e1tico en el \u00c1rea Esc\u00e9nica Nacional de la Garganta del R\u00edo Columbia?<\/strong><\/h3>\n\n<hr class=\"wp-block-separator has-alpha-channel-opacity\"\/>\n\n<h4 class=\"wp-block-heading\"><strong>Influir en la Comisi\u00f3n de la Garganta del R\u00edo Columbia.  <\/strong><\/h4>\n\n<p><\/p>\n\n<p>Friends tiene un <a href=\"https:\/\/gorgefriends.org\/the-columbia-river-gorge-national-scenic-area-act\/\">largo historial<\/a> de organizaci\u00f3n y presi\u00f3n legislativa para proteger la Garganta del Columbia. Como parte de este trabajo, actuamos como colaboradores y vigilantes de la Comisi\u00f3n de la Garganta del R\u00edo Columbia, organismo gubernamental que supervisa el \u00c1rea Esc\u00e9nica Nacional de la Garganta del R\u00edo Columbia y el Plan de Gesti\u00f3n de la Garganta.  <\/p>\n\n<p>A instancias de los Amigos, en 2020 la Comisi\u00f3n de la Garganta del R\u00edo Columbia se comprometi\u00f3 a elaborar un plan para mitigar el cambio clim\u00e1tico y aumentar la resiliencia de la Garganta. En diciembre de 2022, la <a href=\"https:\/\/gorgefriends.org\/news\/collaboration-yields-a-climate-action-plan-for-the-columbia-gorge\/\">Comisi\u00f3n aprob\u00f3 su Plan de Acci\u00f3n sobre el Cambio Clim\u00e1tico<\/a>. Aunque Amigos celebra este paso hacia un desfiladero m\u00e1s resistente al clima, seguimos presionando para conseguir protecciones adicionales que refuercen el plan.    <\/p>\n\n<div class=\"wp-block-group is-layout-constrained wp-container-core-group-is-layout-1 wp-block-group-is-layout-constrained\">\n\n\n<div class=\"block--accordion accordion ts-lovey\">\n  <div class=\"wysiwyg-container divide-y divide-neutral-300 ts-block-container\">\n          <div class=\"accordion__section wysiwyg-content px-md py-sm ts-bg-brand-2 rounded-xl\">\n        <button class=\"accordion__section__toggle hover:text-action focus:text-action text-high-contrast w-full\n        flex items-center justify-between\n        py-md\">\n          <h3 class=\"accordion__section__title inline-block h4 text-left\">\n            Recomendaciones para reforzar el Plan de Acci\u00f3n sobre el Cambio Clim\u00e1tico<\/h3>\n          <div class=\"accordion__section__icon\">\n            <span class=\"icon-layer ts-svg-high-contrast block h-md w-sm\">\n              \n  <svg fill=\"none\" height=\"7\" viewBox=\"0 0 11 7\" width=\"11\" xmlns=\"http:\/\/www.w3.org\/2000\/svg\"><path d=\"m4.85156 6.45312-4.57031-4.54687c-.2109375-.23437-.2109375-.58594 0-.79687l.539062-.539068c.210938-.210937.562498-.210937.796878 0l3.63281 3.609378 3.60938-3.609378c.23437-.210937.58593-.210937.79687 0l.53905.539068c.2109.21093.2109.5625 0 .79687l-4.5703 4.54687c-.21094.21094-.5625.21094-.77344 0z\" fill=\"#616161\"\/><\/svg>\n            <\/span>\n            <span class=\"icon-layer\"><\/span>\n          <\/div>\n        <\/button>\n        <div class=\"accordion__section__content mce-content-body body-base text-md-contrast px-md\">\n          <ul>\n<li style=\"font-weight: 400;\" aria-level=\"1\"><span style=\"font-weight: 400;\">Proteger y mejorar el h\u00e1bitat de los salmones en peligro de extinci\u00f3n. Proteger los recursos h\u00eddricos aumentando las zonas de protecci\u00f3n alrededor de todos los arroyos salmoneros. <\/span><\/li>\n<li style=\"font-weight: 400;\" aria-level=\"1\"><span style=\"font-weight: 400;\">Mejorar la protecci\u00f3n de los humedales. Los Amigos apoyan la revisi\u00f3n de las directrices sobre humedales de la GMA, incluidos los requisitos de amortiguaci\u00f3n, para lograr la pol\u00edtica de no p\u00e9rdida de humedales. <\/span><\/li>\n<li style=\"font-weight: 400;\" aria-level=\"1\"><span style=\"font-weight: 400;\">Proteger los h\u00e1bitats prioritarios. La Comisi\u00f3n tiene acceso a cartograf\u00eda actual que identifica zonas de h\u00e1bitats prioritarios en la Garganta. Muchos de estos h\u00e1bitats prioritarios se encuentran en zonas de gran resistencia clim\u00e1tica, pero est\u00e1n zonificadas para la extracci\u00f3n de recursos. Protege los h\u00e1bitats prioritarios zonificando estas tierras como espacios abiertos protegidos.   <\/span><\/li>\n<li style=\"font-weight: 400;\" aria-level=\"1\"><span style=\"font-weight: 400;\">Proteger los bosques impidiendo la tala a escala industrial. Las pr\u00e1cticas forestales en el \u00c1rea de Gesti\u00f3n General (GMA) est\u00e1n reguladas por las Leyes de Pr\u00e1cticas Forestales de Oreg\u00f3n y Washington. Estas leyes permiten la tala a gran escala, que libera grandes cantidades de carbono a la atm\u00f3sfera. Convoca a representantes del Departamento Forestal de Oreg\u00f3n y del DNR de Washington para que elaboren normas forestales clim\u00e1ticamente inteligentes para la GMA que promuevan bosques sanos, aumenten la biodiversidad y mejoren la captaci\u00f3n de carbono.   <\/span><\/li>\n<li style=\"font-weight: 400;\" aria-level=\"1\"><span style=\"font-weight: 400;\">Reducir los riesgos de incendios forestales. Desarrollar y aplicar criterios para el cierre temporal de terrenos p\u00fablicos durante periodos de alto riesgo de incendios forestales, como las alertas de bandera roja. <\/span><\/li>\n<li style=\"font-weight: 400;\" aria-level=\"1\"><span style=\"font-weight: 400;\">Evitar la propagaci\u00f3n de especies invasoras y fomentar la biodiversidad. Por ejemplo, exigir las mejores pr\u00e1cticas de gesti\u00f3n para que los nuevos usos del suelo y el desarrollo eviten la propagaci\u00f3n de especies invasoras. Exigir que todas las protecciones vegetales de los nuevos desarrollos sean de especies aut\u00f3ctonas de la Garganta.  <\/span><\/li>\n<li style=\"font-weight: 400;\" aria-level=\"1\"><span style=\"font-weight: 400;\">Proteger los bosques del desarrollo residencial. Reducir los riesgos de incendios provocados por nuevos usos del suelo y el desarrollo. Limitar el nuevo desarrollo residencial en las zonas de Peque\u00f1os Bosques.  <\/span><\/li>\n<li style=\"font-weight: 400;\" aria-level=\"1\"><span style=\"font-weight: 400;\">Proteger los derechos de los tratados tribales frente a los impactos del cambio clim\u00e1tico. Las Tribus de la Cuenca del Columbia han protegido los derechos de los tratados a cazar, recolectar alimentos y pescar en sus lugares habituales y acostumbrados. Trabaja con los socios tribales para adoptar nuevas pol\u00edticas que protejan los derechos de los tratados y los &#8220;Primeros Alimentos&#8221; tradicionales.  <\/span><\/li>\n<li style=\"font-weight: 400;\" aria-level=\"1\"><span style=\"font-weight: 400;\">Proteger las tierras agr\u00edcolas. Evitar la p\u00e9rdida de tierras agr\u00edcolas prohibiendo nuevas viviendas no agr\u00edcolas en tierras aptas para la agricultura. Las pol\u00edticas actuales sobre viviendas no agr\u00edcolas en zonas agr\u00edcolas de gran escala est\u00e1n desfasadas.  <\/span><\/li>\n<li style=\"font-weight: 400;\" aria-level=\"1\"><span style=\"font-weight: 400;\">Promover soluciones de transporte regional que reduzcan las emisiones de gases de efecto invernadero. Los Amigos apoyan la legislaci\u00f3n para crear una autoridad de transporte regional que desarrolle un plan de tr\u00e1nsito para toda la Garganta que proporcione opciones de transporte regional que sean asequibles y reduzcan las emisiones de carbono. <\/span><\/li>\n<li style=\"font-weight: 400;\" aria-level=\"1\"><span style=\"font-weight: 400;\">Prohibir la expansi\u00f3n de infraestructuras de combustibles f\u00f3siles en el desfiladero, como la transmisi\u00f3n y distribuci\u00f3n de gas natural. El gas natural se compone de gas metano, que es un potente gas de efecto invernadero. Reducir la dependencia del gas natural es una medida de mitigaci\u00f3n eficaz para luchar contra el cambio clim\u00e1tico.  <\/span><\/li>\n<li style=\"font-weight: 400;\" aria-level=\"1\"><span style=\"font-weight: 400;\">Evita las medidas de inadaptaci\u00f3n clim\u00e1tica en el plan. Permitir un mayor desarrollo residencial rural, incluidas las unidades de vivienda accesorias en zonas rurales, es una &#8220;mala adaptaci\u00f3n&#8221; que aumenta las emisiones de carbono y la vulnerabilidad clim\u00e1tica. En su lugar, el plan deber\u00eda incluir recomendaciones pol\u00edticas para desincentivar el nuevo desarrollo residencial rural y fomentar el desarrollo dentro de los l\u00edmites de las zonas urbanas existentes, donde existen amplias oportunidades de desarrollo, incluida la vivienda asequible, que reducen las emisiones de carbono en comparaci\u00f3n con el desarrollo residencial rural disperso.  <\/span><\/li>\n<\/ul>\n\n        <\/div>\n      <\/div>\n      <\/div>\n<\/div>\n<\/div>\n\n<div style=\"height:20px\" aria-hidden=\"true\" class=\"wp-block-spacer\"><\/div>\n\n<h4 class=\"wp-block-heading\"><strong>Conservar los h\u00e1bitats cr\u00edticos<\/strong><\/h4>\n\n<p><\/p>\n\n<p>A medida que cambia el clima, especies como la tortuga de estanque del noroeste, la pika americana y el salm\u00f3n est\u00e1n perdiendo su h\u00e1bitat. Amigos ha trabajado con la Comisi\u00f3n del Desfiladero para proteger este h\u00e1bitat mejorando las pol\u00edticas de gesti\u00f3n de tierras. Amigos tambi\u00e9n adquiere y administra tierras en todo el desfiladero, como <a href=\"https:\/\/gorgefriends.org\/our-preserves\/turtle-haven\/\">la reserva de Turtle Haven<\/a>, cerca de Stevenson (Washington), para apoyar a estas especies en peligro.    <\/p>\n\n<p>Consultamos la Herramienta de Mapeo de Tierras Resilientes de The Nature Conservancy cuando priorizamos nuestros esfuerzos para adquirir nuevas tierras de conservaci\u00f3n. Esta herramienta nos muestra si el terreno es &#8220;altamente resiliente&#8221; al cambio clim\u00e1tico; es decir, si es probable que proporcione h\u00e1bitats y ecosistemas sanos aunque cambie el clima. Al dar prioridad a los terrenos altamente resilientes, damos a la Garganta la mejor oportunidad posible de adaptarse.    <\/p>\n\n<h4 class=\"wp-block-heading\"><strong>Proteger la Garganta de las Instalaciones de Carb\u00f3n y Petr\u00f3leo<\/strong><\/h4>\n\n<p><\/p>\n\n<p>Amigos trabaja para cerrar las centrales de carb\u00f3n existentes, impedir que se construyan nuevas instalaciones de carb\u00f3n y gas y <a href=\"https:\/\/gorgefriends.org\/news\/how-oregon-passed-a-historic-oil-train-spill-response-bill\/\">presionar por una gesti\u00f3n responsable<\/a> del transporte de petr\u00f3leo.  <\/p>\n\n<p>Amigos se opone a la exportaci\u00f3n de carb\u00f3n y al desarrollo de instalaciones de gas natural, que contribuyen a la contaminaci\u00f3n atmosf\u00e9rica y a la degradaci\u00f3n del medio ambiente y suponen amenazas para la salud y la seguridad. Estas instalaciones tambi\u00e9n liberan gases a la atm\u00f3sfera que atrapan el calor y contribuyen al calentamiento global.   <\/p>\n\n<h4 class=\"wp-block-heading\"><strong>Defendiendo la Garganta de la Contaminaci\u00f3n Atmosf\u00e9rica<\/strong><\/h4>\n\n<p><\/p>\n\n<p>Las instalaciones de carb\u00f3n y gas no son las \u00fanicas que contribuyen a la mala calidad del aire en el desfiladero. Ciertas operaciones concentradas de alimentaci\u00f3n animal (CAFO), principalmente en el este de Oreg\u00f3n, producen grandes cantidades de metano y son importantes contribuyentes a la contaminaci\u00f3n atmosf\u00e9rica. Friends ha presionado para que se endurezca la normativa sobre estas operaciones de alimentaci\u00f3n.    <\/p>\n\n<p>Este trabajo es importante para el cambio clim\u00e1tico por dos razones. En primer lugar, el metano es un gas de efecto invernadero, lo que significa que contribuye al calentamiento de las temperaturas. En segundo lugar, a medida que el clima siga cambiando, es probable que la contaminaci\u00f3n atmosf\u00e9rica provocada por los incendios forestales se convierta en un problema a\u00fan mayor. Mejorar la calidad del aire disminuyendo la cantidad de metano en el aire contribuir\u00e1 a que las comunidades sean m\u00e1s sanas, incluso aunque cambie el clima.     <\/p>\n\n<h4 class=\"wp-block-heading\"><strong>Fomentar la preparaci\u00f3n ante los incendios forestales  <\/strong><\/h4>\n\n<p><\/p>\n\n<p>Amigos se asocia con varias organizaciones comunitarias para apoyar la divulgaci\u00f3n en torno a la preparaci\u00f3n contra los incendios forestales. Desarrollamos y ampliamos las comunicaciones a los propietarios de viviendas y bienes inmuebles sobre c\u00f3mo hacer que sus tierras sean m\u00e1s seguras contra los incendios forestales. <\/p>\n\n<hr class=\"wp-block-separator has-alpha-channel-opacity\"\/>\n\n<h4 class=\"wp-block-heading\"><strong>\u00bfPor qu\u00e9 est\u00e1 cambiando el clima?  <\/strong><\/h4>\n\n<p><\/p>\n\n<p>El clima est\u00e1 cambiando, y los humanos lo est\u00e1n provocando. \u00bfC\u00f3mo? Conducir coches de gas, generar electricidad y otras actividades rutinarias liberan en el aire gases de efecto invernadero como el di\u00f3xido de carbono. Este exceso de gases de efecto invernadero atrapa el calor cerca de la superficie de la Tierra, provocando el aumento de la temperatura del aire.     <\/p>\n\n<p>A trav\u00e9s de nuestro trabajo sobre el terreno, vemos que el cambio clim\u00e1tico est\u00e1 contribuyendo a la p\u00e9rdida de h\u00e1bitat, de biodiversidad y de calidad del aire en la Garganta. Como organizaci\u00f3n centrada en la conservaci\u00f3n de la Garganta del Columbia, nos esforzamos por frenar y prevenir los peores efectos del cambio clim\u00e1tico mediante la presi\u00f3n pol\u00edtica y el trabajo de restauraci\u00f3n y conservaci\u00f3n sobre el terreno. <\/p>\n\n<h4 class=\"wp-block-heading\"><strong>\u00bfC\u00f3mo afecta el cambio clim\u00e1tico a la Garganta del Columbia?  <\/strong><\/h4>\n\n<ul class=\"wp-block-list\">\n<li><strong>Deterioro de los h\u00e1bitats.  <\/strong>El calentamiento de la temperatura del aire est\u00e1 provocando que caiga m\u00e1s lluvia en forma de nieve, degradando los h\u00e1bitats alpinos. Adem\u00e1s, los arroyos, r\u00edos y otras masas de agua m\u00e1s c\u00e1lidos significan menos h\u00e1bitat de agua fr\u00eda del que dependen muchas especies, incluido el salm\u00f3n.   <\/li>\n\n\n\n<li><strong>Aumento de los riesgos de sequ\u00eda e inundaciones.  <\/strong>Como las temperaturas m\u00e1s c\u00e1lidas hacen que llueva m\u00e1s en forma de nieve, los arroyos y r\u00edos se desbordan con m\u00e1s frecuencia en invierno. Al mismo tiempo, se derrite menos nieve en primavera y verano, lo que contribuye a las sequ\u00edas.   <\/li>\n\n\n\n<li><strong>Aumento del riesgo de incendios forestales.<\/strong>  Las condiciones m\u00e1s secas y los veranos m\u00e1s calurosos est\u00e1n aumentando el riesgo de incendios forestales.  <\/li>\n\n\n\n<li><strong>Disminuci\u00f3n de la calidad del aire y del agua.  <\/strong>El calentamiento de las aguas, la disminuci\u00f3n del caudal de los arroyos y el aumento de los incendios forestales contribuyen a la mala calidad del aire y del agua.<\/li>\n<\/ul>\n\n<p><strong>M\u00e1s informaci\u00f3n sobre el cambio clim\u00e1tico y sus repercusiones:<\/strong><\/p>\n\n<p><a href=\"https:\/\/www.ipcc.ch\/sr15\/\">Informe especial del Grupo Intergubernamental de Expertos sobre el Cambio Clim\u00e1tico &#8211; 2018<\/a>  <\/p>\n\n<p><a href=\"https:\/\/www.nwcouncil.org\/media\/filer_public\/a2\/c6\/a2c6bc00-1882-47c2-a4a6-9dfa0a172bbb\/isab2007_2.pdf\">Impactos del cambio clim\u00e1tico en la fauna y la flora de la cuenca del r\u00edo Columbia<\/a> <\/p>\n\n<p><a href=\"https:\/\/www.gorgecommission.org\/images\/uploads\/pages\/Approved_Columbia_River_Gorge_Commission_Climate_Change_Action_Plan_-_02.28.2023_1.pdf\">Plan de Acci\u00f3n sobre el Cambio Clim\u00e1tico del \u00c1rea Esc\u00e9nica Nacional de la Garganta del R\u00edo Columbia<\/a><\/p>\n","protected":false},"excerpt":{"rendered":"<p>\u00bfQu\u00e9 est\u00e1 haciendo Friends para responder al cambio clim\u00e1tico en el \u00c1rea Esc\u00e9nica Nacional de la Garganta del R\u00edo Columbia? Influir en la Comisi\u00f3n de la Garganta del R\u00edo Columbia. [&hellip;]<\/p>\n","protected":false},"author":6,"featured_media":2559,"parent":0,"menu_order":0,"comment_status":"closed","ping_status":"closed","template":"","meta":{"_acf_changed":false,"footnotes":""},"class_list":["post-4461","page","type-page","status-publish","has-post-thumbnail","hentry"],"acf":[],"_links":{"self":[{"href":"https:\/\/gorgefriends.org\/es\/wp-json\/wp\/v2\/pages\/4461"}],"collection":[{"href":"https:\/\/gorgefriends.org\/es\/wp-json\/wp\/v2\/pages"}],"about":[{"href":"https:\/\/gorgefriends.org\/es\/wp-json\/wp\/v2\/types\/page"}],"author":[{"embeddable":true,"href":"https:\/\/gorgefriends.org\/es\/wp-json\/wp\/v2\/users\/6"}],"replies":[{"embeddable":true,"href":"https:\/\/gorgefriends.org\/es\/wp-json\/wp\/v2\/comments?post=4461"}],"version-history":[{"count":3,"href":"https:\/\/gorgefriends.org\/es\/wp-json\/wp\/v2\/pages\/4461\/revisions"}],"predecessor-version":[{"id":4464,"href":"https:\/\/gorgefriends.org\/es\/wp-json\/wp\/v2\/pages\/4461\/revisions\/4464"}],"wp:featuredmedia":[{"embeddable":true,"href":"https:\/\/gorgefriends.org\/es\/wp-json\/wp\/v2\/media\/2559"}],"wp:attachment":[{"href":"https:\/\/gorgefriends.org\/es\/wp-json\/wp\/v2\/media?parent=4461"}],"curies":[{"name":"wp","href":"https:\/\/api.w.org\/{rel}","templated":true}]}}