{"id":4679,"date":"2025-03-16T14:07:06","date_gmt":"2025-03-16T21:07:06","guid":{"rendered":"https:\/\/live-frcg.pantheonsite.io\/prioridades-legislativas\/"},"modified":"2025-04-18T13:11:59","modified_gmt":"2025-04-18T20:11:59","slug":"prioridades-legislativas","status":"publish","type":"page","link":"http:\/\/gorgefriends.org\/es\/prioridades-legislativas\/","title":{"rendered":"Prioridades legislativas"},"content":{"rendered":"\n<p>Cada a\u00f1o Friends of the Columbia Gorge aboga por una legislaci\u00f3n favorable a la conservaci\u00f3n en los Capitolios del Estado, tanto en Salem como en Olimpia. Llevamos a cabo este trabajo mediante reuniones con senadores y representantes estatales, aportando testimonios en las audiencias y movilizando a nuestros simpatizantes para que se unan a nosotros poni\u00e9ndose en contacto con sus cargos electos y participando en las audiencias.<\/p>\n\n<p><strong>Financiaci\u00f3n para la Comisi\u00f3n del Gorge (Washington y Oreg\u00f3n)<\/strong><\/p>\n\n<p>Abogar por el presupuesto de 2025 Comisi\u00f3n del Gorge del R\u00edo Columbia es vital para la conservaci\u00f3n y administraci\u00f3n continuadas del Gorge del R\u00edo Columbia \u00c1rea Esc\u00e9nica Nacional. La Comisi\u00f3n del Gorge desempe\u00f1a un papel fundamental en la salvaguarda de la belleza natural, la biodiversidad y el patrimonio cultural \u00fanicos de la regi\u00f3n mediante una planificaci\u00f3n eficaz del uso del suelo, iniciativas de conservaci\u00f3n y estrategias de resistencia al cambio clim\u00e1tico. Para lograr estos objetivos, las asignaciones presupuestarias de ambos estados para la Comisi\u00f3n del Gorge deben coincidir, de lo contrario se asigna a la Comisi\u00f3n el presupuesto m\u00e1s bajo de los dos estados. Esta colaboraci\u00f3n refleja la responsabilidad compartida de ambos estados para proteger el Gorgepara garantizar que siga siendo un recurso pr\u00f3spero para las generaciones futuras. Garantizando una financiaci\u00f3n equitativa, la Comisi\u00f3n puede mantener su labor de equilibrar el desarrollo con la conservaci\u00f3n, apoyar a las comunidades y conservar este tesoro nacional.<\/p>\n\n<p><strong>Lev\u00e1ntate contra las granjas industriales (Oreg\u00f3n)<\/strong><\/p>\n\n<p>Friends of the Columbia Gorge es miembro de la coalici\u00f3n Stand Up to Factory Farms, que re\u00fane a aliados que pretenden combatir los efectos negativos que las granjas industriales tienen sobre el medio ambiente. Aunque no hay ninguna granja industrial en el interior del \u00c1rea Esc\u00e9nica Nacional, las granjas industriales a gran escala de la cuenca baja del Umatilla emiten contaminantes como di\u00f3xido de azufre, \u00f3xidos de nitr\u00f3geno y amon\u00edaco, que provocan problemas de calidad del aire y bruma en . el Gorge. Durante la sesi\u00f3n legislativa de 2025, la coalici\u00f3n aboga por una moratoria de las operaciones de alimentaci\u00f3n animal confinada (CAFO) nuevas o en expansi\u00f3n a gran escala en las Zonas de Gesti\u00f3n de Aguas Subterr\u00e1neas para proteger a las comunidades afectadas. Este proyecto de ley incluir\u00eda el \u00c1rea de Gesti\u00f3n de Aguas Subterr\u00e1neas de la Cuenca Baja de Umatilla, donde se encuentran las granjas industriales que contribuyen a la mala calidad del aire en el Gorge est\u00e1n situadas.<\/p>\n\n<p><strong>Inmunidad recreativa (Oreg\u00f3n)<\/strong><\/p>\n\n<p>Durante la sesi\u00f3n legislativa de 2025 en Oreg\u00f3n, pretendemos hacer permanentes las disposiciones sobre inmunidad recreativa que se aprobaron en la sesi\u00f3n legislativa de 2024. La inmunidad recreativa permite a los propietarios p\u00fablicos y privados abrir su propiedad al p\u00fablico con fines recreativos sin temor a incurrir en responsabilidad si alguien sufre una lesi\u00f3n en su propiedad. Friends of the Columbia Gorge Land Trust tiene varias propiedades con rutas de senderismo abiertas al p\u00fablico. Una ley de inmunidad recreativa fuerte en Oreg\u00f3n es esencial para que nuestras propiedades en fideicomiso permanezcan abiertas al p\u00fablico.<\/p>\n\n<p><strong>Participa<\/strong><\/p>\n\n<p>Si quieres unirte a nosotros para testificar en los Capitolios estatales o ponerte en contacto con tus funcionarios electos en nombre de una legislaci\u00f3n importante que puede afectar a el Gorgeinscr\u00edbete para recibir nuestros correos electr\u00f3nicos de Alerta para la Acci\u00f3n. Nos pondremos en contacto contigo cuando se presenten cuestiones importantes para audiencias o votaciones en las que nos vendr\u00eda bien tu apoyo.<\/p>\n","protected":false},"excerpt":{"rendered":"<p>Cada a\u00f1o Friends of the Columbia Gorge aboga por una legislaci\u00f3n favorable a la conservaci\u00f3n en los Capitolios del Estado, tanto en Salem como en Olimpia. Llevamos a cabo este [&hellip;]<\/p>\n","protected":false},"author":6,"featured_media":4204,"parent":0,"menu_order":0,"comment_status":"closed","ping_status":"closed","template":"","meta":{"_acf_changed":false,"footnotes":""},"class_list":["post-4679","page","type-page","status-publish","has-post-thumbnail","hentry"],"acf":[],"_links":{"self":[{"href":"http:\/\/gorgefriends.org\/es\/wp-json\/wp\/v2\/pages\/4679"}],"collection":[{"href":"http:\/\/gorgefriends.org\/es\/wp-json\/wp\/v2\/pages"}],"about":[{"href":"http:\/\/gorgefriends.org\/es\/wp-json\/wp\/v2\/types\/page"}],"author":[{"embeddable":true,"href":"http:\/\/gorgefriends.org\/es\/wp-json\/wp\/v2\/users\/6"}],"replies":[{"embeddable":true,"href":"http:\/\/gorgefriends.org\/es\/wp-json\/wp\/v2\/comments?post=4679"}],"version-history":[{"count":1,"href":"http:\/\/gorgefriends.org\/es\/wp-json\/wp\/v2\/pages\/4679\/revisions"}],"predecessor-version":[{"id":4680,"href":"http:\/\/gorgefriends.org\/es\/wp-json\/wp\/v2\/pages\/4679\/revisions\/4680"}],"wp:featuredmedia":[{"embeddable":true,"href":"http:\/\/gorgefriends.org\/es\/wp-json\/wp\/v2\/media\/4204"}],"wp:attachment":[{"href":"http:\/\/gorgefriends.org\/es\/wp-json\/wp\/v2\/media?parent=4679"}],"curies":[{"name":"wp","href":"https:\/\/api.w.org\/{rel}","templated":true}]}}