{"id":4671,"date":"2024-01-19T05:13:04","date_gmt":"2024-01-19T13:13:04","guid":{"rendered":"https:\/\/live-frcg.pantheonsite.io\/participa\/formas-de-donar\/"},"modified":"2025-04-18T13:07:55","modified_gmt":"2025-04-18T20:07:55","slug":"formas-de-donar","status":"publish","type":"page","link":"http:\/\/gorgefriends.org\/es\/participa\/formas-de-donar\/","title":{"rendered":"Formas de donar"},"content":{"rendered":"\n<h2 class=\"wp-block-heading has-text-align-center\">A tu manera<\/h2>\n\n<p><\/p>\n\n<p>Con amenazas como el cambio clim\u00e1tico, el desarrollo irresponsable y el turismo excesivo a las que se enfrenta el Columbia Gorge, contamos con personas como t\u00fa para que nos ayuden a proteger, preservar y restaurar la vida salvaje y los ecosistemas de una de las mayores maravillas naturales del pa\u00eds. Tu donativo se destinar\u00e1 directamente a nuestros programas de conservaci\u00f3n, defensa y educaci\u00f3n en el Gorge. Con el apoyo de una comunidad de activistas de la conservaci\u00f3n como t\u00fa, seguiremos preservando este lugar m\u00e1gico para las generaciones futuras.  <\/p>\n\n          \n\n<div class=\"block--card-grid block--card-grid--wayfinding ts-py-block-sm transparent\">\n  <div class=\"ts-block-container\">\n    \n\n\n    <div class=\"ts-grid-col-1 md:ts-grid-col-4\">\n                              \n\n<div class=\"card-md ts-border-radius relative  ts-bg-card overflow-hidden hocus-card-shadow\">\n\n        <div class=\" overflow-hidden ts-border-radius  aspect-[3\/2] \">\n                      \n\n\n        \n        <figure class=\"\">\n      <img decoding=\"async\"\n        srcset='http:\/\/gorgefriends.org\/wp-content\/uploads\/2024\/09\/Wildflowers-at-Rowena-Plateau-_-Christian-Platt-scaled.webp 2560w, http:\/\/gorgefriends.org\/wp-content\/uploads\/2024\/09\/Wildflowers-at-Rowena-Plateau-_-Christian-Platt-300x223.webp 300w, http:\/\/gorgefriends.org\/wp-content\/uploads\/2024\/09\/Wildflowers-at-Rowena-Plateau-_-Christian-Platt-1024x763.webp 1024w, http:\/\/gorgefriends.org\/wp-content\/uploads\/2024\/09\/Wildflowers-at-Rowena-Plateau-_-Christian-Platt-768x572.webp 768w, http:\/\/gorgefriends.org\/wp-content\/uploads\/2024\/09\/Wildflowers-at-Rowena-Plateau-_-Christian-Platt-1536x1144.webp 1536w, http:\/\/gorgefriends.org\/wp-content\/uploads\/2024\/09\/Wildflowers-at-Rowena-Plateau-_-Christian-Platt-2048x1525.webp 2048w'\n        src=\"http:\/\/gorgefriends.org\/wp-content\/uploads\/2024\/09\/Wildflowers-at-Rowena-Plateau-_-Christian-Platt-scaled.webp\"\n        width=\"2560\" height=\"1907\"\n        sizes=\"auto, auto\"\n        alt=\"Wildflowers at Rowena Plateau. Photo by Christian Platt.\"\n        class=\" lazyloaded object-cover w-full  aspect-[3\/2] \"\n        loading=\"lazy\"\n              >\n                                  \n\n<figcaption class=\"caption--below body-xs px-sm pt-2xs  sr-only text-left\">\n  <div class=\"ts-text-md-contrast \">Wildflowers at Rowena Plateau. Photo by Christian Platt.<\/div>\n<\/figcaption>\n                  <\/figure>\n              <\/div>\n  \n    <div class=\"p-md\">\n\n    \n                      <h3 class=\"h3 mb-2xs text-center ts-text-high-contrast\">\n          Dona\n        <\/h3>\n          \n              <div class=\"body-sm ts-text-md-contrast text-center\">Los beneficios incluyen el acceso a excursiones y rutas guiadas s\u00f3lo para miembros y \nnuestro bolet\u00edn impreso que se env\u00eda cada trimestre.<\/div>\n    \n  <\/div> <\/div>\n                              \n\n<div class=\"card-md ts-border-radius relative  ts-bg-card overflow-hidden hocus-card-shadow\">\n\n        <div class=\" overflow-hidden ts-border-radius  aspect-[3\/2] \">\n                      \n\n\n        \n        <figure class=\"\">\n      <img decoding=\"async\"\n        srcset='http:\/\/gorgefriends.org\/wp-content\/uploads\/2024\/09\/Angels-Rest-_-Joanna-Pisarski-scaled.webp 2560w, http:\/\/gorgefriends.org\/wp-content\/uploads\/2024\/09\/Angels-Rest-_-Joanna-Pisarski-300x225.webp 300w, http:\/\/gorgefriends.org\/wp-content\/uploads\/2024\/09\/Angels-Rest-_-Joanna-Pisarski-1024x768.webp 1024w, http:\/\/gorgefriends.org\/wp-content\/uploads\/2024\/09\/Angels-Rest-_-Joanna-Pisarski-768x576.webp 768w, http:\/\/gorgefriends.org\/wp-content\/uploads\/2024\/09\/Angels-Rest-_-Joanna-Pisarski-1536x1152.webp 1536w, http:\/\/gorgefriends.org\/wp-content\/uploads\/2024\/09\/Angels-Rest-_-Joanna-Pisarski-2048x1535.webp 2048w'\n        src=\"http:\/\/gorgefriends.org\/wp-content\/uploads\/2024\/09\/Angels-Rest-_-Joanna-Pisarski-scaled.webp\"\n        width=\"2560\" height=\"1919\"\n        sizes=\"auto, auto\"\n        alt=\"Angel's Rest. Photo by Joanna Pisarski.\"\n        class=\" lazyloaded object-cover w-full  aspect-[3\/2] \"\n        loading=\"lazy\"\n              >\n                                  \n\n<figcaption class=\"caption--below body-xs px-sm pt-2xs  sr-only text-left\">\n  <div class=\"ts-text-md-contrast \">Angel&#8217;s Rest. Photo by Joanna Pisarski.<\/div>\n<\/figcaption>\n                  <\/figure>\n              <\/div>\n  \n    <div class=\"p-md\">\n\n    \n                      <h3 class=\"h3 mb-2xs text-center ts-text-high-contrast\">\n          Regala mensualmente\n        <\/h3>\n          \n              <div class=\"body-sm ts-text-md-contrast text-center\">Convi\u00e9rtete en un &#8220;Faro&#8221; y apoya a Friends de el Gorge cada mes.<\/div>\n    \n  <\/div> <\/div>\n                              \n\n<div class=\"card-md ts-border-radius relative  ts-bg-card overflow-hidden hocus-card-shadow\">\n\n        <div class=\" overflow-hidden ts-border-radius  aspect-[3\/2] \">\n                      \n\n\n        \n        <figure class=\"\">\n      <img decoding=\"async\"\n        srcset='http:\/\/gorgefriends.org\/wp-content\/uploads\/2024\/09\/Falls-Creek-Falls-Winter-_-Robby-Miller-scaled.webp 2560w, http:\/\/gorgefriends.org\/wp-content\/uploads\/2024\/09\/Falls-Creek-Falls-Winter-_-Robby-Miller-300x200.webp 300w, http:\/\/gorgefriends.org\/wp-content\/uploads\/2024\/09\/Falls-Creek-Falls-Winter-_-Robby-Miller-1024x683.webp 1024w, http:\/\/gorgefriends.org\/wp-content\/uploads\/2024\/09\/Falls-Creek-Falls-Winter-_-Robby-Miller-768x512.webp 768w, http:\/\/gorgefriends.org\/wp-content\/uploads\/2024\/09\/Falls-Creek-Falls-Winter-_-Robby-Miller-1536x1024.webp 1536w, http:\/\/gorgefriends.org\/wp-content\/uploads\/2024\/09\/Falls-Creek-Falls-Winter-_-Robby-Miller-2048x1366.webp 2048w'\n        src=\"http:\/\/gorgefriends.org\/wp-content\/uploads\/2024\/09\/Falls-Creek-Falls-Winter-_-Robby-Miller-scaled.webp\"\n        width=\"2560\" height=\"1707\"\n        sizes=\"auto, auto\"\n        alt=\"Falls Creek Falls in winter. Photo by Robby Miller.\"\n        class=\" lazyloaded object-cover w-full  aspect-[3\/2] \"\n        loading=\"lazy\"\n              >\n                                  \n\n<figcaption class=\"caption--below body-xs px-sm pt-2xs  sr-only text-left\">\n  <div class=\"ts-text-md-contrast \">Falls Creek Falls in winter. Photo by Robby Miller.<\/div>\n<\/figcaption>\n                  <\/figure>\n              <\/div>\n  \n    <div class=\"p-md\">\n\n    \n                      <h3 class=\"h3 mb-2xs text-center ts-text-high-contrast\">\n          Regalo de afiliaci\u00f3n\n        <\/h3>\n          \n              <div class=\"body-sm ts-text-md-contrast text-center\">\u00a1Regala una afiliaci\u00f3n a Friends!<\/div>\n    \n  <\/div> <\/div>\n                              \n\n<div class=\"card-md ts-border-radius relative  ts-bg-card overflow-hidden hocus-card-shadow\">\n\n        <div class=\" overflow-hidden ts-border-radius  aspect-[3\/2] \">\n                      \n\n\n        \n        <figure class=\"\">\n      <img decoding=\"async\"\n        srcset='http:\/\/gorgefriends.org\/wp-content\/uploads\/2024\/09\/Analemma-scaled.webp 2560w, http:\/\/gorgefriends.org\/wp-content\/uploads\/2024\/09\/Analemma-300x199.webp 300w, http:\/\/gorgefriends.org\/wp-content\/uploads\/2024\/09\/Analemma-1024x680.webp 1024w, http:\/\/gorgefriends.org\/wp-content\/uploads\/2024\/09\/Analemma-768x510.webp 768w, http:\/\/gorgefriends.org\/wp-content\/uploads\/2024\/09\/Analemma-1536x1020.webp 1536w, http:\/\/gorgefriends.org\/wp-content\/uploads\/2024\/09\/Analemma-2048x1360.webp 2048w'\n        src=\"http:\/\/gorgefriends.org\/wp-content\/uploads\/2024\/09\/Analemma-scaled.webp\"\n        width=\"2560\" height=\"1700\"\n        sizes=\"auto, auto\"\n        alt=\"Analemma Winery\"\n        class=\" lazyloaded object-cover w-full  aspect-[3\/2] \"\n        loading=\"lazy\"\n              >\n                                  \n\n<figcaption class=\"caption--below body-xs px-sm pt-2xs  sr-only text-left\">\n  <div class=\"ts-text-md-contrast \">Analemma Winery<\/div>\n<\/figcaption>\n                  <\/figure>\n              <\/div>\n  \n    <div class=\"p-md\">\n\n    \n                      <h3 class=\"h3 mb-2xs text-center ts-text-high-contrast\">\n          Afiliaci\u00f3n empresarial\n        <\/h3>\n          \n              <div class=\"body-sm ts-text-md-contrast text-center\">\u00danete a otras empresas que apoyan el Gorge.<\/div>\n    \n  <\/div> <\/div>\n                              \n\n<div class=\"card-md ts-border-radius relative  ts-bg-card overflow-hidden hocus-card-shadow\">\n\n        <div class=\" overflow-hidden ts-border-radius  aspect-[3\/2] \">\n                      \n\n\n        \n        <figure class=\"\">\n      <img decoding=\"async\"\n        srcset='http:\/\/gorgefriends.org\/wp-content\/uploads\/2024\/09\/Jeremiah-Leipold-2-Beacon-Rock-scaled.webp 2560w, http:\/\/gorgefriends.org\/wp-content\/uploads\/2024\/09\/Jeremiah-Leipold-2-Beacon-Rock-300x201.webp 300w, http:\/\/gorgefriends.org\/wp-content\/uploads\/2024\/09\/Jeremiah-Leipold-2-Beacon-Rock-1024x685.webp 1024w, http:\/\/gorgefriends.org\/wp-content\/uploads\/2024\/09\/Jeremiah-Leipold-2-Beacon-Rock-768x514.webp 768w, http:\/\/gorgefriends.org\/wp-content\/uploads\/2024\/09\/Jeremiah-Leipold-2-Beacon-Rock-1536x1028.webp 1536w, http:\/\/gorgefriends.org\/wp-content\/uploads\/2024\/09\/Jeremiah-Leipold-2-Beacon-Rock-2048x1371.webp 2048w'\n        src=\"http:\/\/gorgefriends.org\/wp-content\/uploads\/2024\/09\/Jeremiah-Leipold-2-Beacon-Rock-scaled.webp\"\n        width=\"2560\" height=\"1713\"\n        sizes=\"auto, auto\"\n        alt=\"Beacon Rock. Photo by Jeremiah Leipold.\"\n        class=\" lazyloaded object-cover w-full  aspect-[3\/2] \"\n        loading=\"lazy\"\n              >\n                                  \n\n<figcaption class=\"caption--below body-xs px-sm pt-2xs  sr-only text-left\">\n  <div class=\"ts-text-md-contrast \">Beacon Rock. Photo by Jeremiah Leipold.<\/div>\n<\/figcaption>\n                  <\/figure>\n              <\/div>\n  \n    <div class=\"p-md\">\n\n    \n                      <h3 class=\"h3 mb-2xs text-center ts-text-high-contrast\">\n          Regalos de homenaje\n        <\/h3>\n          \n              <div class=\"body-sm ts-text-md-contrast text-center\">Reconoce a alguien especial u honra a un ser querido perdido haciendo un donativo en su nombre.<\/div>\n    \n  <\/div> <\/div>\n                              \n\n<div class=\"card-md ts-border-radius relative  ts-bg-card overflow-hidden hocus-card-shadow\">\n\n        <div class=\" overflow-hidden ts-border-radius  aspect-[3\/2] \">\n                      \n\n\n        \n        <figure class=\"\">\n      <img decoding=\"async\"\n        \n        src=\"http:\/\/gorgefriends.org\/wp-content\/uploads\/2024\/09\/Elowah-Falls-2-_-Matt-Meisenheimer-jpg-webp-webp.webp\"\n        width=\"2000\" height=\"1335\"\n        sizes=\"auto, auto\"\n        alt=\"Elowah Falls. Photo by Matt Meisenheimer.\"\n        class=\" lazyloaded object-cover w-full  aspect-[3\/2] \"\n        loading=\"lazy\"\n              >\n                                  \n\n<figcaption class=\"caption--below body-xs px-sm pt-2xs  sr-only text-left\">\n  <div class=\"ts-text-md-contrast \">Elowah Falls. Photo by Matt Meisenheimer.<\/div>\n<\/figcaption>\n                  <\/figure>\n              <\/div>\n  \n    <div class=\"p-md\">\n\n    \n                      <h3 class=\"h3 mb-2xs text-center ts-text-high-contrast\">\n          Curadores y tutores (a partir de 1.000 $)\n        <\/h3>\n          \n              <div class=\"body-sm ts-text-md-contrast text-center\">Los Conservadores y Tutores son la piedra angular de nuestro trabajo para proteger el Gorge.<\/div>\n    \n  <\/div> <\/div>\n                              \n\n<div class=\"card-md ts-border-radius relative  ts-bg-card overflow-hidden hocus-card-shadow\">\n\n        <div class=\" overflow-hidden ts-border-radius  aspect-[3\/2] \">\n                      \n\n\n        \n        <figure class=\"\">\n      <img decoding=\"async\"\n        \n        src=\"http:\/\/gorgefriends.org\/wp-content\/uploads\/2024\/09\/Looking-west-from-White-Salmon-down-the-Columbia-River-2-_-Paloma-Ayala-copy-jpg-webp-webp.webp\"\n        width=\"2000\" height=\"1339\"\n        sizes=\"auto, auto\"\n        alt=\"Looking west from White Salmon down the Columbia River. Photo by Paloma Ayala.\"\n        class=\" lazyloaded object-cover w-full  aspect-[3\/2] \"\n        loading=\"lazy\"\n              >\n          <\/figure>\n              <\/div>\n  \n    <div class=\"p-md\">\n\n    \n                      <h3 class=\"h3 mb-2xs text-center ts-text-high-contrast\">\n          Fondos asesorados por donantes, acciones y donaciones IRA\n        <\/h3>\n          \n              <div class=\"body-sm ts-text-md-contrast text-center\">Las opciones de donaciones fiscalmente inteligentes incluyen DAFs, acciones y QCDs a trav\u00e9s de una cuenta IRA. Obt\u00e9n m\u00e1s informaci\u00f3n aqu\u00ed. <\/div>\n    \n  <\/div> <\/div>\n                              \n\n<div class=\"card-md ts-border-radius relative  ts-bg-card overflow-hidden hocus-card-shadow\">\n\n        <div class=\" overflow-hidden ts-border-radius  aspect-[3\/2] \">\n                      \n\n\n        \n        <figure class=\"\">\n      <img decoding=\"async\"\n        \n        src=\"http:\/\/gorgefriends.org\/wp-content\/uploads\/2024\/09\/Early-morning-on-the-Columbia-_-Friends-Archives-copy-jpg-webp-webp.webp\"\n        width=\"2000\" height=\"1294\"\n        sizes=\"auto, auto\"\n        alt=\"Early morning on the Columbia. Photo from Friends' archives.\"\n        class=\" lazyloaded object-cover w-full  aspect-[3\/2] \"\n        loading=\"lazy\"\n              >\n                                  \n\n<figcaption class=\"caption--below body-xs px-sm pt-2xs  sr-only text-left\">\n  <div class=\"ts-text-md-contrast \">Columbia River; morning mist, Crown Point sunrise, Columbia River Gorge, Oregon<\/div>\n<\/figcaption>\n                  <\/figure>\n              <\/div>\n  \n    <div class=\"p-md\">\n\n    \n                      <h3 class=\"h3 mb-2xs text-center ts-text-high-contrast\">\n          Planificaci\u00f3n de regalos\n        <\/h3>\n          \n              <div class=\"body-sm ts-text-md-contrast text-center\">Inf\u00f3rmate sobre las opciones de planificaci\u00f3n de donaciones, incluidos legados, reinversiones IRA, anualidades de donaciones ben\u00e9ficas y mucho m\u00e1s.<\/div>\n    \n  <\/div> <\/div>\n          <\/div>\n  <\/div>\n<\/div>\n<h4 class=\"wp-block-heading\">C\u00edrculos de donaci\u00f3n<\/h4>\n\n<p><\/p>\n\n<p>Friends honra a los l\u00edderes en la protecci\u00f3n de Gorge a trav\u00e9s de tres c\u00edrculos de donaciones dedicados. Los <strong>Conservadores<\/strong> y <strong>Guardianes de el Gorge<\/strong> han sido la fuerza motriz de nuestra misi\u00f3n durante d\u00e9cadas. A estos miembros se les invita a excursiones, salidas y actos exclusivos que permiten conocer entre bastidores los proyectos en curso y las iniciativas futuras.  <\/p>\n\n<div class=\"wp-block-buttons is-content-justification-left is-layout-flex wp-container-core-buttons-is-layout-1 wp-block-buttons-is-layout-flex\">\n<div class=\"wp-block-button\"><a class=\"wp-block-button__link has-text-align-left wp-element-button\">M\u00e1s informaci\u00f3n sobre los conservadores y tutores<\/a><\/div>\n<\/div>\n\n<p><\/p>\n\n<p>El <strong>C\u00edrculo del Legado de Norman Yeon<\/strong> reconoce a aquellos que han asumido un compromiso duradero con la protecci\u00f3n de el Gorge incluyendo Friends en sus planes sucesorios, garantizando que su legado perdure en la conservaci\u00f3n de este apreciado paisaje.<\/p>\n\n<div class=\"wp-block-buttons is-layout-flex wp-block-buttons-is-layout-flex\">\n<div class=\"wp-block-button\"><a class=\"wp-block-button__link wp-element-button\">M\u00e1s informaci\u00f3n sobre el C\u00edrculo del Legado de Norman Yeon<\/a><\/div>\n<\/div>\n\n<p><\/p>\n\n<h4 class=\"wp-block-heading\">Informaci\u00f3n sobre la transferencia de acciones<\/h4>\n\n<p><\/p>\n\n<p>Para transferir acciones de tu cuenta de corretaje a la nuestra o para girar fondos, tendr\u00e1s que facilitar esta informaci\u00f3n a tu corredor:<\/p>\n\n<ul class=\"wp-block-list\">\n<li>FriendsN\u00famero de cuenta Charles Schwab #84870709<\/li>\n\n\n\n<li>N\u00famero DTC: 0164, C\u00f3digo 40<\/li>\n\n\n\n<li>FriendsCIF: 93-0782467<\/li>\n\n\n\n<li>Friends&#8217; Gestor de cuentas: Becca Chery en Ferguson Wellman, 503-226-1444 | becca.chery@ferwell.com  <\/li>\n<\/ul>\n\n<p>Queremos tener la oportunidad de darte las gracias por las transferencias de acciones, as\u00ed que, por favor, av\u00edsanos cuando transfieras acciones y pide a tu corredor de bolsa que incluya tu nombre en la transacci\u00f3n.<\/p>\n\n<p><strong>Si quieres donar de una cuenta IRA u otra Distribuci\u00f3n Ben\u00e9fica Cualificada<\/strong>, te pedimos que los cheques se hagan a nombre de &#8220;Friends of the Columbia Gorge.&#8221; <br\/>Tu instituci\u00f3n tambi\u00e9n puede pedirte la siguiente informaci\u00f3n:<\/p>\n\n<ul class=\"wp-block-list\">\n<li>Direcci\u00f3n postal del amigo 123 NE 3rd Ave, Suite 108, Portland, OR 97232<\/li>\n\n\n\n<li>Friends&#8217; EIN: 93-0782467<\/li>\n<\/ul>\n\n<p><strong>Para donar por correo, env\u00eda tu cheque a<\/strong><br\/>Friends of the Columbia Gorge<br\/>123 NE 3rd Avenue, Suite 108<br\/>Portland, OR 97232<\/p>\n","protected":false},"excerpt":{"rendered":"<p>A tu manera Con amenazas como el cambio clim\u00e1tico, el desarrollo irresponsable y el turismo excesivo a las que se enfrenta el Columbia Gorge, contamos con personas como t\u00fa para [&hellip;]<\/p>\n","protected":false},"author":6,"featured_media":1470,"parent":4667,"menu_order":5,"comment_status":"closed","ping_status":"closed","template":"","meta":{"_acf_changed":false,"footnotes":""},"class_list":["post-4671","page","type-page","status-publish","has-post-thumbnail","hentry"],"acf":[],"_links":{"self":[{"href":"http:\/\/gorgefriends.org\/es\/wp-json\/wp\/v2\/pages\/4671"}],"collection":[{"href":"http:\/\/gorgefriends.org\/es\/wp-json\/wp\/v2\/pages"}],"about":[{"href":"http:\/\/gorgefriends.org\/es\/wp-json\/wp\/v2\/types\/page"}],"author":[{"embeddable":true,"href":"http:\/\/gorgefriends.org\/es\/wp-json\/wp\/v2\/users\/6"}],"replies":[{"embeddable":true,"href":"http:\/\/gorgefriends.org\/es\/wp-json\/wp\/v2\/comments?post=4671"}],"version-history":[{"count":1,"href":"http:\/\/gorgefriends.org\/es\/wp-json\/wp\/v2\/pages\/4671\/revisions"}],"predecessor-version":[{"id":4672,"href":"http:\/\/gorgefriends.org\/es\/wp-json\/wp\/v2\/pages\/4671\/revisions\/4672"}],"up":[{"embeddable":true,"href":"http:\/\/gorgefriends.org\/es\/wp-json\/wp\/v2\/pages\/4667"}],"wp:featuredmedia":[{"embeddable":true,"href":"http:\/\/gorgefriends.org\/es\/wp-json\/wp\/v2\/media\/1470"}],"wp:attachment":[{"href":"http:\/\/gorgefriends.org\/es\/wp-json\/wp\/v2\/media?parent=4671"}],"curies":[{"name":"wp","href":"https:\/\/api.w.org\/{rel}","templated":true}]}}