{"id":4669,"date":"2024-01-19T05:12:13","date_gmt":"2024-01-19T13:12:13","guid":{"rendered":"https:\/\/live-frcg.pantheonsite.io\/participa\/actua\/"},"modified":"2025-05-09T09:42:37","modified_gmt":"2025-05-09T16:42:37","slug":"actua","status":"publish","type":"page","link":"http:\/\/gorgefriends.org\/es\/participa\/actua\/","title":{"rendered":"Act\u00faa"},"content":{"rendered":"\n<p>Garantizar que la Gorge del R\u00edo Columbia La Ley de Zonas Esc\u00e9nicas Nacionales y otras leyes que protegen los recursos de Gorge se aplican activamente es el n\u00facleo de lo que hacemos. Durante m\u00e1s de 40 a\u00f1os, Friends ha utilizado una combinaci\u00f3n de defensa popular a la antigua usanza, estrategias jur\u00eddicas sofisticadas y educaci\u00f3n comunitaria para proteger los recursos de Gorge y vigilar el desarrollo imprudente del suelo. <\/p>\n\n<p>Hemos derrotado numerosas propuestas de urbanizaciones temerarias a gran escala en el GorgeHemos trabajado para reforzar las leyes estatales que protegen el Gorge y a las comunidades que viven all\u00ed del transporte ferroviario irresponsable de combustibles f\u00f3siles; y conseguido importantes victorias legales para proteger los recursos paisaj\u00edsticos de Gorge y apoyar los derechos clave de los tratados de los socios tribales. Un elemento esencial de nuestro \u00e9xito ha sido nuestra capacidad para construir eficazmente una red diversa de socios comunitarios y movilizar a miles de dedicados activistas y aliados de Friends en toda la regi\u00f3n. <\/p>\n\n<p>Desde nuestros primeros a\u00f1os, en la d\u00e9cada de 1980, los defensores y activistas de la comunidad han desempe\u00f1ado un papel decisivo en la consecuci\u00f3n de notables victorias para la protecci\u00f3n de los recursos naturales, culturales y recreativos de la regi\u00f3n. el Gorgede los recursos paisaj\u00edsticos, naturales, culturales y recreativos. Queremos que todos los miembros de nuestra comunidad se sientan capacitados para alzar su voz y hablar sobre las cuestiones que m\u00e1s les importan. Con los numerosos retos el Gorge a veces puede parecer desalentador pasar a la acci\u00f3n, pero el activismo tiene el poder de transformar y elevar, proporcionando a cada uno de nosotros una forma de tener un impacto significativo.  <\/p>\n\n<p>Si <a href=\"https:\/\/act.gorgefriends.org\/a\/subscribe\">te suscribes a nuestras alertas de acci\u00f3n<\/a>, ser\u00e1s el primero en recibir noticias de nuestro Equipo de Defensa y Conservaci\u00f3n sobre las amenazas urgentes que se ciernen sobre el Gorge y c\u00f3mo puedes marcar la diferencia. Nuestros correos electr\u00f3nicos proporcionan informaci\u00f3n de fondo esencial, puntos de discusi\u00f3n para contactar con funcionarios electos y organismos, y otras formas de prestar tu voz. <\/p>\n\n<p>A continuaci\u00f3n encontrar\u00e1s las alertas de acci\u00f3n actuales. Si el espacio est\u00e1 en blanco, no tenemos ninguna alerta de acci\u00f3n en este momento. <\/p>\n\n<div class=\"wp-block-buttons is-layout-flex wp-block-buttons-is-layout-flex\">\n<div class=\"wp-block-button\"><a class=\"wp-block-button__link wp-element-button\" href=\"https:\/\/act.gorgefriends.org\/a\/subscribe\">SUSCR\u00cdBETE A LAS ALERTAS DE ACCI\u00d3N<\/a><\/div>\n<\/div>\n\n<p><\/p>\n\n<p>Ren\u00e9e Tkach | Directora de Conservaci\u00f3n | <a href=\"mailto:renee@gorgefriends.org\">renee@gorgefriends.org<\/a><\/p>\n\n<div class=\"wp-block-columns is-layout-flex wp-container-core-columns-is-layout-1 wp-block-columns-is-layout-flex\">\n<div class=\"wp-block-column is-layout-flow wp-block-column-is-layout-flow\" style=\"flex-basis:20%\">\n<figure class=\"wp-block-image size-full\"><img data-dominant-color=\"b79e8c\" data-has-transparency=\"false\" style=\"--dominant-color: #b79e8c;\" loading=\"lazy\" decoding=\"async\" width=\"420\" height=\"642\" src=\"https:\/\/gorgefriends.org\/wp-content\/uploads\/2024\/06\/Our-Team-Renee-jpg-webp-webp.webp\" alt=\"Renee Tkach\" class=\"not-transparent wp-image-1099\" srcset=\"http:\/\/gorgefriends.org\/wp-content\/uploads\/2024\/06\/Our-Team-Renee-jpg-webp-webp.webp 420w, http:\/\/gorgefriends.org\/wp-content\/uploads\/2024\/06\/Our-Team-Renee-196x300.webp 196w\" sizes=\"auto, (max-width: 420px) 100vw, 420px\" \/><\/figure>\n<\/div>\n\n\n\n<div class=\"wp-block-column is-layout-flow wp-block-column-is-layout-flow\"><\/div>\n<\/div>\n\n<figure class=\"wp-block-image aligncenter size-full is-resized\"><img data-dominant-color=\"1f5934\" data-has-transparency=\"true\" loading=\"lazy\" decoding=\"async\" width=\"900\" height=\"139\" src=\"https:\/\/gorgefriends.org\/wp-content\/uploads\/2024\/09\/River-Outline-Foliage-Green-PNG.png\" alt=\"\" class=\"has-transparency wp-image-4345\" style=\"--dominant-color: #1f5934; width:180px\" srcset=\"http:\/\/gorgefriends.org\/wp-content\/uploads\/2024\/09\/River-Outline-Foliage-Green-PNG.png 900w, http:\/\/gorgefriends.org\/wp-content\/uploads\/2024\/09\/River-Outline-Foliage-Green-PNG-300x46.png 300w, http:\/\/gorgefriends.org\/wp-content\/uploads\/2024\/09\/River-Outline-Foliage-Green-PNG-768x119.png 768w\" sizes=\"auto, (max-width: 900px) 100vw, 900px\" \/><\/figure>\n\n<h3 class=\"wp-block-heading\"><strong>Alertas de acci\u00f3n actuales<\/strong><\/h3>\n\n<p><\/p>\n\n<p>En este momento no hay alertas de acci\u00f3n.<\/p>\n\n<figure class=\"wp-block-image aligncenter size-full is-resized\"><img data-dominant-color=\"1f5934\" data-has-transparency=\"true\" loading=\"lazy\" decoding=\"async\" width=\"900\" height=\"139\" src=\"https:\/\/gorgefriends.org\/wp-content\/uploads\/2024\/09\/River-Outline-Foliage-Green-PNG.png\" alt=\"\" class=\"has-transparency wp-image-4345\" style=\"--dominant-color: #1f5934; width:180px\" srcset=\"http:\/\/gorgefriends.org\/wp-content\/uploads\/2024\/09\/River-Outline-Foliage-Green-PNG.png 900w, http:\/\/gorgefriends.org\/wp-content\/uploads\/2024\/09\/River-Outline-Foliage-Green-PNG-300x46.png 300w, http:\/\/gorgefriends.org\/wp-content\/uploads\/2024\/09\/River-Outline-Foliage-Green-PNG-768x119.png 768w\" sizes=\"auto, (max-width: 900px) 100vw, 900px\" \/><\/figure>\n\n<p>\u00bfQuieres saber m\u00e1s sobre c\u00f3mo puedes implicarte en la defensa de Gorge? Mira nuestro seminario web, &#8220;Lev\u00e1ntate por el Gorge: C\u00f3mo ser un defensor eficaz&#8221;. <\/p>\n\n<figure class=\"wp-block-embed is-type-video is-provider-youtube wp-block-embed-youtube wp-embed-aspect-16-9 wp-has-aspect-ratio\"><div class=\"wp-block-embed__wrapper\">\n<iframe loading=\"lazy\" title=\"Rise Up for the Gorge: How to Be an Effective Advocate\" width=\"500\" height=\"281\" src=\"https:\/\/www.youtube.com\/embed\/672qYFOhdEA?feature=oembed\" frameborder=\"0\" allow=\"accelerometer; autoplay; clipboard-write; encrypted-media; gyroscope; picture-in-picture; web-share\" referrerpolicy=\"strict-origin-when-cross-origin\" allowfullscreen><\/iframe>\n<\/div><\/figure>\n\n\n\n<div class=\"block--card-grid block--card-grid--wayfinding ts-py-block-sm transparent\">\n  <div class=\"ts-block-container\">\n    \n\n\n    <div class=\"ts-grid-col-1 md:ts-grid-col-4\">\n          <\/div>\n  <\/div>\n<\/div>","protected":false},"excerpt":{"rendered":"<p>Garantizar que la Gorge del R\u00edo Columbia La Ley de Zonas Esc\u00e9nicas Nacionales y otras leyes que protegen los recursos de Gorge se aplican activamente es el n\u00facleo de lo [&hellip;]<\/p>\n","protected":false},"author":6,"featured_media":4218,"parent":4667,"menu_order":1,"comment_status":"closed","ping_status":"closed","template":"","meta":{"_acf_changed":false,"footnotes":""},"class_list":["post-4669","page","type-page","status-publish","has-post-thumbnail","hentry"],"acf":[],"_links":{"self":[{"href":"http:\/\/gorgefriends.org\/es\/wp-json\/wp\/v2\/pages\/4669"}],"collection":[{"href":"http:\/\/gorgefriends.org\/es\/wp-json\/wp\/v2\/pages"}],"about":[{"href":"http:\/\/gorgefriends.org\/es\/wp-json\/wp\/v2\/types\/page"}],"author":[{"embeddable":true,"href":"http:\/\/gorgefriends.org\/es\/wp-json\/wp\/v2\/users\/6"}],"replies":[{"embeddable":true,"href":"http:\/\/gorgefriends.org\/es\/wp-json\/wp\/v2\/comments?post=4669"}],"version-history":[{"count":3,"href":"http:\/\/gorgefriends.org\/es\/wp-json\/wp\/v2\/pages\/4669\/revisions"}],"predecessor-version":[{"id":5017,"href":"http:\/\/gorgefriends.org\/es\/wp-json\/wp\/v2\/pages\/4669\/revisions\/5017"}],"up":[{"embeddable":true,"href":"http:\/\/gorgefriends.org\/es\/wp-json\/wp\/v2\/pages\/4667"}],"wp:featuredmedia":[{"embeddable":true,"href":"http:\/\/gorgefriends.org\/es\/wp-json\/wp\/v2\/media\/4218"}],"wp:attachment":[{"href":"http:\/\/gorgefriends.org\/es\/wp-json\/wp\/v2\/media?parent=4669"}],"curies":[{"name":"wp","href":"https:\/\/api.w.org\/{rel}","templated":true}]}}