{"id":4665,"date":"2024-01-19T05:18:05","date_gmt":"2024-01-19T13:18:05","guid":{"rendered":"https:\/\/live-frcg.pantheonsite.io\/explora\/acerca-del-gorge\/"},"modified":"2025-05-09T09:13:56","modified_gmt":"2025-05-09T16:13:56","slug":"acerca-del-gorge","status":"publish","type":"page","link":"http:\/\/gorgefriends.org\/es\/explora\/acerca-del-gorge\/","title":{"rendered":"Acerca de el Gorge"},"content":{"rendered":"\n          \n\n<div class=\"block--card-grid block--card-grid--wayfinding ts-py-block-sm transparent\">\n  <div class=\"ts-block-container\">\n    \n\n\n    <div class=\"ts-grid-col-1 md:ts-grid-col-4\">\n                              \n\n<div class=\"card-md ts-border-radius relative ts-hocus-scale ts-bg-card overflow-hidden hocus-card-shadow\">\n\n        <div class=\" overflow-hidden ts-border-radius  aspect-[3\/2] \">\n                      \n\n\n        \n        <figure class=\"\">\n      <img decoding=\"async\"\n        \n        src=\"http:\/\/gorgefriends.org\/wp-content\/uploads\/2024\/06\/Header-Wonders-of-the-Columbia-Gorge-jpg-webp-webp.webp\"\n        width=\"2000\" height=\"800\"\n        sizes=\"auto, auto\"\n        alt=\"\"\n        class=\" lazyloaded object-cover w-full  aspect-[3\/2] \"\n        loading=\"lazy\"\n              >\n          <\/figure>\n              <\/div>\n  \n    <div class=\"p-md\">\n\n                \n\n  <a href=\"https:\/\/gorgefriends.org\/wonders-of-the-columbia-gorge\/\" class=\"card-overlay-link absolute left-0 top-0 w-full h-full z-3 \"\n     aria-hidden=\"true\" tabindex=\"-1\" aria-label=\"overlay link\"><\/a>\n    \n                      <a href=\"https:\/\/gorgefriends.org\/wonders-of-the-columbia-gorge\/\" class=\"card-title-hocus\">\n              <h3 class=\"h3 mb-2xs text-center ts-text-high-contrast\">\n          Maravillas del Columbia Gorge\n        <\/h3>\n            <\/a>\n          \n              <div class=\"body-sm ts-text-md-contrast text-center\">En ning\u00fan otro lugar de la tierra existe tal maravilla de desierto y bosque, acantilados y cascadas, sol y lluvia. Es el \u00fanico lugar del mundo donde un caudaloso r\u00edo atraviesa toda una cadena monta\u00f1osa. <\/div>\n    \n  <\/div> <\/div>\n                              \n\n<div class=\"card-md ts-border-radius relative ts-hocus-scale ts-bg-card overflow-hidden hocus-card-shadow\">\n\n        <div class=\" overflow-hidden ts-border-radius  aspect-[3\/2] \">\n                      \n\n\n        \n        <figure class=\"\">\n      <img decoding=\"async\"\n        srcset='http:\/\/gorgefriends.org\/wp-content\/uploads\/2024\/09\/Chanticleer_Chanticleer-Point_before-19301629403707-12892-scaled.webp 2560w, http:\/\/gorgefriends.org\/wp-content\/uploads\/2024\/09\/Chanticleer_Chanticleer-Point_before-19301629403707-12892-300x189.webp 300w, http:\/\/gorgefriends.org\/wp-content\/uploads\/2024\/09\/Chanticleer_Chanticleer-Point_before-19301629403707-12892-1024x645.webp 1024w, http:\/\/gorgefriends.org\/wp-content\/uploads\/2024\/09\/Chanticleer_Chanticleer-Point_before-19301629403707-12892-768x484.webp 768w, http:\/\/gorgefriends.org\/wp-content\/uploads\/2024\/09\/Chanticleer_Chanticleer-Point_before-19301629403707-12892-1536x967.webp 1536w, http:\/\/gorgefriends.org\/wp-content\/uploads\/2024\/09\/Chanticleer_Chanticleer-Point_before-19301629403707-12892-2048x1289.webp 2048w'\n        src=\"http:\/\/gorgefriends.org\/wp-content\/uploads\/2024\/09\/Chanticleer_Chanticleer-Point_before-19301629403707-12892-scaled.webp\"\n        width=\"2560\" height=\"1612\"\n        sizes=\"auto, auto\"\n        alt=\"From 1912-30, at what is today the Portland Women's Forum Park and viewpoint, the windows of the Chanticleer Inn gazed out over the Gorge. Photo courtesy of the U.S. Forest Service.\"\n        class=\" lazyloaded object-cover w-full  aspect-[3\/2] \"\n        loading=\"lazy\"\n              >\n                                  \n\n<figcaption class=\"caption--below body-xs px-sm pt-2xs  sr-only text-left\">\n  <div class=\"ts-text-md-contrast \">From 1912-30, at what is today the Portland Women&#8217;s Forum Park and viewpoint, the windows of the Chanticleer Inn gazed out over the Gorge. Photo courtesy of the U.S. Forest Service.<\/div>\n<\/figcaption>\n                  <\/figure>\n              <\/div>\n  \n    <div class=\"p-md\">\n\n                \n\n  <a href=\"https:\/\/gorgefriends.org\/early-threats-and-protections\/\" class=\"card-overlay-link absolute left-0 top-0 w-full h-full z-3 \"\n     aria-hidden=\"true\" tabindex=\"-1\" aria-label=\"overlay link\"><\/a>\n    \n                      <a href=\"https:\/\/gorgefriends.org\/early-threats-and-protections\/\" class=\"card-title-hocus\">\n              <h3 class=\"h3 mb-2xs text-center ts-text-high-contrast\">\n          Amenazas y protecciones tempranas\n        <\/h3>\n            <\/a>\n          \n              <div class=\"body-sm ts-text-md-contrast text-center\">El Gorge del R\u00edo Columbia El \u00c1rea Esc\u00e9nica Nacional se convirti\u00f3 en ley en 1986 gracias en gran parte al trabajo de Friends. Pero las amenazas el Gorge y los esfuerzos para protegerla son muy anteriores a nuestra fundaci\u00f3n. <\/div>\n    \n  <\/div> <\/div>\n                              \n\n<div class=\"card-md ts-border-radius relative ts-hocus-scale ts-bg-card overflow-hidden hocus-card-shadow\">\n\n        <div class=\" overflow-hidden ts-border-radius  aspect-[3\/2] \">\n                      \n\n\n        \n        <figure class=\"\">\n      <img decoding=\"async\"\n        \n        src=\"http:\/\/gorgefriends.org\/wp-content\/uploads\/2024\/09\/The-National-Scenic-Area-Act-Header-jpg-webp.webp\"\n        width=\"2000\" height=\"1000\"\n        sizes=\"auto, auto\"\n        alt=\"Sunrise from the Portland Women's Forum Scenic Viewpoint. Photo by Chris Elkinton.\"\n        class=\" lazyloaded object-cover w-full  aspect-[3\/2] \"\n        loading=\"lazy\"\n              >\n                                  \n\n<figcaption class=\"caption--below body-xs px-sm pt-2xs  sr-only text-left\">\n  <div class=\"ts-text-md-contrast \">Sunrise from the Portland Women&#8217;s Forum Scenic Viewpoint. Photo by Chris Elkinton.<\/div>\n<\/figcaption>\n                  <\/figure>\n              <\/div>\n  \n    <div class=\"p-md\">\n\n                \n\n  <a href=\"https:\/\/gorgefriends.org\/the-columbia-river-gorge-national-scenic-area-act\/\" class=\"card-overlay-link absolute left-0 top-0 w-full h-full z-3 \"\n     aria-hidden=\"true\" tabindex=\"-1\" aria-label=\"overlay link\"><\/a>\n    \n                      <a href=\"https:\/\/gorgefriends.org\/the-columbia-river-gorge-national-scenic-area-act\/\" class=\"card-title-hocus\">\n              <h3 class=\"h3 mb-2xs text-center ts-text-high-contrast\">\n          La Gorge del R\u00edo Columbia Ley de \u00c1reas Esc\u00e9nicas Nacionales\n        <\/h3>\n            <\/a>\n          \n              <div class=\"body-sm ts-text-md-contrast text-center\">De 1980 a 1986, Friends dirigi\u00f3 la lucha para conseguir el apoyo pol\u00edtico y p\u00fablico que finalmente conducir\u00eda a la creaci\u00f3n del Gorge del R\u00edo Columbia \u00c1rea Esc\u00e9nica Nacional.<\/div>\n    \n  <\/div> <\/div>\n          <\/div>\n  <\/div>\n<\/div>","protected":false},"excerpt":{"rendered":"","protected":false},"author":6,"featured_media":0,"parent":4663,"menu_order":0,"comment_status":"closed","ping_status":"closed","template":"","meta":{"_acf_changed":false,"footnotes":""},"class_list":["post-4665","page","type-page","status-publish","hentry"],"acf":[],"_links":{"self":[{"href":"http:\/\/gorgefriends.org\/es\/wp-json\/wp\/v2\/pages\/4665"}],"collection":[{"href":"http:\/\/gorgefriends.org\/es\/wp-json\/wp\/v2\/pages"}],"about":[{"href":"http:\/\/gorgefriends.org\/es\/wp-json\/wp\/v2\/types\/page"}],"author":[{"embeddable":true,"href":"http:\/\/gorgefriends.org\/es\/wp-json\/wp\/v2\/users\/6"}],"replies":[{"embeddable":true,"href":"http:\/\/gorgefriends.org\/es\/wp-json\/wp\/v2\/comments?post=4665"}],"version-history":[{"count":3,"href":"http:\/\/gorgefriends.org\/es\/wp-json\/wp\/v2\/pages\/4665\/revisions"}],"predecessor-version":[{"id":5013,"href":"http:\/\/gorgefriends.org\/es\/wp-json\/wp\/v2\/pages\/4665\/revisions\/5013"}],"up":[{"embeddable":true,"href":"http:\/\/gorgefriends.org\/es\/wp-json\/wp\/v2\/pages\/4663"}],"wp:attachment":[{"href":"http:\/\/gorgefriends.org\/es\/wp-json\/wp\/v2\/media?parent=4665"}],"curies":[{"name":"wp","href":"https:\/\/api.w.org\/{rel}","templated":true}]}}