{"id":4663,"date":"2024-01-19T05:17:48","date_gmt":"2024-01-19T13:17:48","guid":{"rendered":"https:\/\/live-frcg.pantheonsite.io\/explora\/"},"modified":"2025-05-09T09:13:33","modified_gmt":"2025-05-09T16:13:33","slug":"explora","status":"publish","type":"page","link":"http:\/\/gorgefriends.org\/es\/explora\/","title":{"rendered":"Explora"},"content":{"rendered":"\n          \n\n<div class=\"block--card-grid block--card-grid--wayfinding ts-py-block-sm transparent\">\n  <div class=\"ts-block-container\">\n    \n\n\n    <div class=\"ts-grid-col-1 md:ts-grid-col-4\">\n                              \n\n<div class=\"card-md ts-border-radius relative ts-hocus-scale ts-bg-card overflow-hidden hocus-card-shadow\">\n\n        <div class=\" overflow-hidden ts-border-radius  aspect-[3\/2] \">\n                      \n\n\n        \n        <figure class=\"\">\n      <img decoding=\"async\"\n        \n        src=\"http:\/\/gorgefriends.org\/wp-content\/uploads\/2024\/09\/Find-a-Hike-About-Header-1-jpg-webp.webp\"\n        width=\"2000\" height=\"1000\"\n        sizes=\"auto, auto\"\n        alt=\"Hikers at Lyle Cherry Orchard. Photo by Debbie Asakawa.\"\n        class=\" lazyloaded object-cover w-full  aspect-[3\/2] \"\n        loading=\"lazy\"\n              >\n                                  \n\n<figcaption class=\"caption--below body-xs px-sm pt-2xs  sr-only text-left\">\n  <div class=\"ts-text-md-contrast \">Hikers at Lyle Cherry Orchard. Photo by Debbie Asakawa.<\/div>\n<\/figcaption>\n                  <\/figure>\n              <\/div>\n  \n    <div class=\"p-md\">\n\n                \n\n  <a href=\"https:\/\/gorgefriends.org\/find-a-hike\" class=\"card-overlay-link absolute left-0 top-0 w-full h-full z-3 \"\n     aria-hidden=\"true\" tabindex=\"-1\" aria-label=\"overlay link\"><\/a>\n    \n                      <a href=\"https:\/\/gorgefriends.org\/find-a-hike\" class=\"card-title-hocus\">\n              <h3 class=\"h3 mb-2xs text-center ts-text-high-contrast\">\n          Encuentra una excursi\u00f3n\n        <\/h3>\n            <\/a>\n          \n              <div class=\"body-sm ts-text-md-contrast text-center\">Nuestra herramienta Encuentra una ruta incluye casi 100 rutas en el Gorge del R\u00edo Columbia \u00c1rea Esc\u00e9nica Nacional. D\u00e9janos guiarte hacia tu pr\u00f3xima aventura. <\/div>\n    \n  <\/div> <\/div>\n                              \n\n<div class=\"card-md ts-border-radius relative ts-hocus-scale ts-bg-card overflow-hidden hocus-card-shadow\">\n\n        <div class=\" overflow-hidden ts-border-radius  aspect-[3\/2] \">\n                      \n\n\n        \n        <figure class=\"\">\n      <img decoding=\"async\"\n        \n        src=\"http:\/\/gorgefriends.org\/wp-content\/uploads\/2024\/10\/P1012906-copy-jpg.webp\"\n        width=\"2000\" height=\"1500\"\n        sizes=\"auto, auto\"\n        alt=\"A guided outing to Upper McCord Falls Trail, the \"hanging gardens of the Gorge.\" Photo by Monique Trevett.\"\n        class=\" lazyloaded object-cover w-full  aspect-[3\/2] \"\n        loading=\"lazy\"\n              >\n                                  \n\n<figcaption class=\"caption--below body-xs px-sm pt-2xs  sr-only text-left\">\n  <div class=\"ts-text-md-contrast \">A guided outing to Upper McCord Falls Trail, the &#8220;hanging gardens of the Gorge.&#8221; Photo by Monique Trevett.<\/div>\n<\/figcaption>\n                  <\/figure>\n              <\/div>\n  \n    <div class=\"p-md\">\n\n                \n\n  <a href=\"https:\/\/gorgefriends.org\/guided-outings\/\" class=\"card-overlay-link absolute left-0 top-0 w-full h-full z-3 \"\n     aria-hidden=\"true\" tabindex=\"-1\" aria-label=\"overlay link\"><\/a>\n    \n                      <a href=\"https:\/\/gorgefriends.org\/guided-outings\/\" class=\"card-title-hocus\">\n              <h3 class=\"h3 mb-2xs text-center ts-text-high-contrast\">\n          Programas al aire libre\n        <\/h3>\n            <\/a>\n          \n              <div class=\"body-sm ts-text-md-contrast text-center\">Friends of the Columbia Gorge ofrece una variedad de experiencias educativas y recreativas al aire libre para todas las edades y capacidades.<\/div>\n    \n  <\/div> <\/div>\n                              \n\n<div class=\"card-md ts-border-radius relative ts-hocus-scale ts-bg-card overflow-hidden hocus-card-shadow\">\n\n        <div class=\" overflow-hidden ts-border-radius  aspect-[3\/2] \">\n                      \n\n\n        \n        <figure class=\"\">\n      <img decoding=\"async\"\n        srcset='http:\/\/gorgefriends.org\/wp-content\/uploads\/2024\/09\/Jeremiah-Leipold-2-Beacon-Rock-scaled.webp 2560w, http:\/\/gorgefriends.org\/wp-content\/uploads\/2024\/09\/Jeremiah-Leipold-2-Beacon-Rock-300x201.webp 300w, http:\/\/gorgefriends.org\/wp-content\/uploads\/2024\/09\/Jeremiah-Leipold-2-Beacon-Rock-1024x685.webp 1024w, http:\/\/gorgefriends.org\/wp-content\/uploads\/2024\/09\/Jeremiah-Leipold-2-Beacon-Rock-768x514.webp 768w, http:\/\/gorgefriends.org\/wp-content\/uploads\/2024\/09\/Jeremiah-Leipold-2-Beacon-Rock-1536x1028.webp 1536w, http:\/\/gorgefriends.org\/wp-content\/uploads\/2024\/09\/Jeremiah-Leipold-2-Beacon-Rock-2048x1371.webp 2048w'\n        src=\"http:\/\/gorgefriends.org\/wp-content\/uploads\/2024\/09\/Jeremiah-Leipold-2-Beacon-Rock-scaled.webp\"\n        width=\"2560\" height=\"1713\"\n        sizes=\"auto, auto\"\n        alt=\"Beacon Rock. Photo by Jeremiah Leipold.\"\n        class=\" lazyloaded object-cover w-full  aspect-[3\/2] \"\n        loading=\"lazy\"\n              >\n                                  \n\n<figcaption class=\"caption--below body-xs px-sm pt-2xs  sr-only text-left\">\n  <div class=\"ts-text-md-contrast \">Beacon Rock. Photo by Jeremiah Leipold.<\/div>\n<\/figcaption>\n                  <\/figure>\n              <\/div>\n  \n    <div class=\"p-md\">\n\n                \n\n  <a href=\"https:\/\/gorgefriends.org\/explore\/about-the-gorge\/\" class=\"card-overlay-link absolute left-0 top-0 w-full h-full z-3 \"\n     aria-hidden=\"true\" tabindex=\"-1\" aria-label=\"overlay link\"><\/a>\n    \n                      <a href=\"https:\/\/gorgefriends.org\/explore\/about-the-gorge\/\" class=\"card-title-hocus\">\n              <h3 class=\"h3 mb-2xs text-center ts-text-high-contrast\">\n          Acerca de el Gorge\n        <\/h3>\n            <\/a>\n          \n              <div class=\"body-sm ts-text-md-contrast text-center\">Aprende m\u00e1s sobre las maravillas del Columbia Gorge, las primeras amenazas y protecciones, y la creaci\u00f3n de la Gorge del R\u00edo Columbia Ley de \u00c1reas Esc\u00e9nicas Nacionales.<\/div>\n    \n  <\/div> <\/div>\n                              \n\n<div class=\"card-md ts-border-radius relative ts-hocus-scale ts-bg-card overflow-hidden hocus-card-shadow\">\n\n        <div class=\" overflow-hidden ts-border-radius  aspect-[3\/2] \">\n                      \n\n\n        \n        <figure class=\"\">\n      <img decoding=\"async\"\n        \n        src=\"http:\/\/gorgefriends.org\/wp-content\/uploads\/2025\/03\/Dalles-Mountain-Ranch-_-Justin-Bernal-jpg.webp\"\n        width=\"2048\" height=\"1365\"\n        sizes=\"auto, auto\"\n        alt=\"Dalles Mountain Ranch. Photo by Justin Bernal.\"\n        class=\" lazyloaded object-cover w-full  aspect-[3\/2] \"\n        loading=\"lazy\"\n              >\n                                  \n\n<figcaption class=\"caption--below body-xs px-sm pt-2xs  sr-only text-left\">\n  <div class=\"ts-text-md-contrast \">Dalles Mountain Ranch. Photo by Justin Bernal.<\/div>\n<\/figcaption>\n                  <\/figure>\n              <\/div>\n  \n    <div class=\"p-md\">\n\n                \n\n  <a href=\"https:\/\/gorgefriends.org\/news\/\" class=\"card-overlay-link absolute left-0 top-0 w-full h-full z-3 \"\n     aria-hidden=\"true\" tabindex=\"-1\" aria-label=\"overlay link\"><\/a>\n    \n                      <a href=\"https:\/\/gorgefriends.org\/news\/\" class=\"card-title-hocus\">\n              <h3 class=\"h3 mb-2xs text-center ts-text-high-contrast\">\n          Sala de prensa\n        <\/h3>\n            <\/a>\n          \n              <div class=\"body-sm ts-text-md-contrast text-center\">Ponte al d\u00eda con las \u00faltimas noticias de Friends of the Columbia Gorge.<\/div>\n    \n  <\/div> <\/div>\n          <\/div>\n  <\/div>\n<\/div>","protected":false},"excerpt":{"rendered":"","protected":false},"author":6,"featured_media":4414,"parent":0,"menu_order":0,"comment_status":"closed","ping_status":"closed","template":"templates\/landing-page.php","meta":{"_acf_changed":false,"footnotes":""},"class_list":["post-4663","page","type-page","status-publish","has-post-thumbnail","hentry"],"acf":[],"_links":{"self":[{"href":"http:\/\/gorgefriends.org\/es\/wp-json\/wp\/v2\/pages\/4663"}],"collection":[{"href":"http:\/\/gorgefriends.org\/es\/wp-json\/wp\/v2\/pages"}],"about":[{"href":"http:\/\/gorgefriends.org\/es\/wp-json\/wp\/v2\/types\/page"}],"author":[{"embeddable":true,"href":"http:\/\/gorgefriends.org\/es\/wp-json\/wp\/v2\/users\/6"}],"replies":[{"embeddable":true,"href":"http:\/\/gorgefriends.org\/es\/wp-json\/wp\/v2\/comments?post=4663"}],"version-history":[{"count":2,"href":"http:\/\/gorgefriends.org\/es\/wp-json\/wp\/v2\/pages\/4663\/revisions"}],"predecessor-version":[{"id":5011,"href":"http:\/\/gorgefriends.org\/es\/wp-json\/wp\/v2\/pages\/4663\/revisions\/5011"}],"wp:featuredmedia":[{"embeddable":true,"href":"http:\/\/gorgefriends.org\/es\/wp-json\/wp\/v2\/media\/4414"}],"wp:attachment":[{"href":"http:\/\/gorgefriends.org\/es\/wp-json\/wp\/v2\/media?parent=4663"}],"curies":[{"name":"wp","href":"https:\/\/api.w.org\/{rel}","templated":true}]}}