{"id":4459,"date":"2025-03-21T14:30:50","date_gmt":"2025-03-21T21:30:50","guid":{"rendered":"https:\/\/live-frcg.pantheonsite.io\/concurso-de-fotografia-2025\/"},"modified":"2025-03-21T15:01:45","modified_gmt":"2025-03-21T22:01:45","slug":"concurso-de-fotografia-2025","status":"publish","type":"page","link":"http:\/\/gorgefriends.org\/es\/concurso-de-fotografia-2025\/","title":{"rendered":"Concurso de fotograf\u00eda 2025"},"content":{"rendered":"\n<p><strong>*Notas importantes:<\/strong><\/p>\n\n<p>Este a\u00f1o no hay categor\u00eda de flores silvestres. Por favor, introduce tus fotos de flores silvestres en las categor\u00edas Desfiladero Oriental Esc\u00e9nico o Desfiladero Occidental Esc\u00e9nico.<\/p>\n\n<p>El formulario para enviar tus fotos est\u00e1 al final de esta p\u00e1gina.<\/p>\n\n<p>\u00bfQuieres asegurarte de que tus fotos se han cargado correctamente? <a href=\"https:\/\/gorgefriends.org\/wp-content\/uploads\/2025\/03\/Desktop-Successful-Upload-1.png\" target=\"_blank\" rel=\"noreferrer noopener\">As\u00ed es como deber\u00eda verse tu pantalla en un ordenador<\/a> despu\u00e9s de enviarlas. Y <a href=\"https:\/\/gorgefriends.org\/wp-content\/uploads\/2025\/03\/Mobile-Successful-Upload-1-jpg.webp\" target=\"_blank\" rel=\"noreferrer noopener\">as\u00ed es como deber\u00eda verse tu pantalla en un dispositivo m\u00f3vil<\/a> despu\u00e9s de enviar.<\/p>\n\n<iframe allow=\"autoplay\" allowfullscreen=\"\" allowpaymentrequest=\"\" class=\"embed_frame\" data-hj-allow-iframe=\"\" id=\"3zVq5H\" loading=\"lazy\" sandbox=\"allow-modals allow-forms allow-scripts allow-same-origin allow-popups allow-top-navigation allow-top-navigation-by-user-activation allow-downloads allow-popups-to-escape-sandbox\" src=\"https:\/\/m.shortstack.page\/3zVq5H?embed=3&#038;script=1\" style=\"border:none;min-width:100%;height:4984px\"><\/iframe>\n<script nonce=\"[csp_nonce]\">!function(){var e=document.getElementById(\"campaign-embed-code\");e||((e=document.createElement(\"SCRIPT\")).src=\"https:\/\/d1m2uzvk8r2fcn.cloudfront.net\/scripts\/embed-code\/20230927\/embed.min.js\",e.id=\"campaign-embed-code\",document.body.appendChild(e))}()<\/script>\n\n<p><\/p>\n","protected":false},"excerpt":{"rendered":"<p>*Notas importantes: Este a\u00f1o no hay categor\u00eda de flores silvestres. Por favor, introduce tus fotos de flores silvestres en las categor\u00edas Desfiladero Oriental Esc\u00e9nico o Desfiladero Occidental Esc\u00e9nico. El formulario [&hellip;]<\/p>\n","protected":false},"author":6,"featured_media":4439,"parent":0,"menu_order":0,"comment_status":"closed","ping_status":"closed","template":"","meta":{"_acf_changed":false,"footnotes":""},"class_list":["post-4459","page","type-page","status-publish","has-post-thumbnail","hentry"],"acf":[],"_links":{"self":[{"href":"http:\/\/gorgefriends.org\/es\/wp-json\/wp\/v2\/pages\/4459"}],"collection":[{"href":"http:\/\/gorgefriends.org\/es\/wp-json\/wp\/v2\/pages"}],"about":[{"href":"http:\/\/gorgefriends.org\/es\/wp-json\/wp\/v2\/types\/page"}],"author":[{"embeddable":true,"href":"http:\/\/gorgefriends.org\/es\/wp-json\/wp\/v2\/users\/6"}],"replies":[{"embeddable":true,"href":"http:\/\/gorgefriends.org\/es\/wp-json\/wp\/v2\/comments?post=4459"}],"version-history":[{"count":1,"href":"http:\/\/gorgefriends.org\/es\/wp-json\/wp\/v2\/pages\/4459\/revisions"}],"predecessor-version":[{"id":4460,"href":"http:\/\/gorgefriends.org\/es\/wp-json\/wp\/v2\/pages\/4459\/revisions\/4460"}],"wp:featuredmedia":[{"embeddable":true,"href":"http:\/\/gorgefriends.org\/es\/wp-json\/wp\/v2\/media\/4439"}],"wp:attachment":[{"href":"http:\/\/gorgefriends.org\/es\/wp-json\/wp\/v2\/media?parent=4459"}],"curies":[{"name":"wp","href":"https:\/\/api.w.org\/{rel}","templated":true}]}}