{"id":4381,"date":"2024-09-17T16:33:17","date_gmt":"2024-09-17T23:33:17","guid":{"rendered":"https:\/\/live-frcg.pantheonsite.io\/concurso-de-fotografia-2024\/"},"modified":"2025-03-20T15:35:56","modified_gmt":"2025-03-20T22:35:56","slug":"concurso-de-fotografia-2024","status":"publish","type":"page","link":"http:\/\/gorgefriends.org\/es\/concurso-de-fotografia-2024\/","title":{"rendered":"Concurso de fotograf\u00eda 2024"},"content":{"rendered":"\n<h2 class=\"wp-block-heading\">Un maestra de Portland gana el Gran Premio del Concurso de Fotograf\u00eda 2024 de los Amigos de la Garganta del Columbia<\/h2>\n\n<p><em>La imagen ganadora capta robles blancos de Oreg\u00f3n iluminados por el sol en el sendero Mosier Plateau<\/em><br\/><br\/>Amigos de la Garganta del Columbia (Amigos) ha anunciado que Dave Edwards Noyes, de Portland, ha ganado el gran premio de &#8220;GorgeGram: Enmarcado en la Belleza&#8221;, el noveno concurso anual de fotograf\u00eda de Friends. Tambi\u00e9n se anunciaron seis fotos ganadoras de categor\u00eda, una ganadora de la subcategor\u00eda especial de tel\u00e9fonos con c\u00e1mara y nueve menciones honor\u00edficas. Todos los ganadores y menciones honor\u00edficas fueron seleccionados por los fot\u00f3grafos profesionales Debbie Asakawa, Paloma Ayala y Vince Ready, los tres con experiencia en fotograf\u00eda de paisajes y retratos, as\u00ed como en defensa de la conservaci\u00f3n.    <\/p>\n\n<p><strong>Ver las galer\u00edas de fotos de <a href=\"https:\/\/gorgefriends.smugmug.com\/Photo-Contests\/2023-24-Photo-Contest-GorgeGram\/Category-Winners-2024-Photo-Contest\" target=\"_blank\" rel=\"noreferrer noopener\">todos los ganadores de las categor\u00edas<\/a> y <a href=\"https:\/\/gorgefriends.smugmug.com\/Photo-Contests\/2023-24-Photo-Contest-GorgeGram\/Honorable-Mention-2024-Photo-Contest\" target=\"_blank\" rel=\"noreferrer noopener\">las menciones honor\u00edficas<\/a>.<\/strong><\/p>\n\n<hr class=\"wp-block-separator has-alpha-channel-opacity\"\/>\n\n<p><em>Foto ganadora del gran premio de Edwards Noyes del Sendero de la Meseta Mosier:<\/em><\/p>\n\n<figure class=\"wp-block-image size-large is-resized\"><img data-dominant-color=\"74683a\" data-has-transparency=\"false\" loading=\"lazy\" decoding=\"async\" width=\"1024\" height=\"682\" src=\"https:\/\/gorgefriends.org\/wp-content\/uploads\/2024\/09\/Oaks-at-Mosier-Plateau-_-Dave-Edwards-Noyes-jpg-1024x682.webp\" alt=\"Robles blancos iluminados por el sol en el Sendero de la Meseta Mosier. Foto de Dave Edwards Noyes. \" class=\"not-transparent wp-image-2372\" style=\"--dominant-color: #74683a; aspect-ratio:1;width:800px;height:auto\" srcset=\"http:\/\/gorgefriends.org\/wp-content\/uploads\/2024\/09\/Oaks-at-Mosier-Plateau-_-Dave-Edwards-Noyes-jpg-1024x682.webp 1024w, http:\/\/gorgefriends.org\/wp-content\/uploads\/2024\/09\/Oaks-at-Mosier-Plateau-_-Dave-Edwards-Noyes-jpg-300x200.webp 300w, http:\/\/gorgefriends.org\/wp-content\/uploads\/2024\/09\/Oaks-at-Mosier-Plateau-_-Dave-Edwards-Noyes-jpg-768x512.webp 768w, http:\/\/gorgefriends.org\/wp-content\/uploads\/2024\/09\/Oaks-at-Mosier-Plateau-_-Dave-Edwards-Noyes-jpg-1536x1024.webp 1536w, http:\/\/gorgefriends.org\/wp-content\/uploads\/2024\/09\/Oaks-at-Mosier-Plateau-_-Dave-Edwards-Noyes-jpg.webp 2000w\" sizes=\"auto, (max-width: 1024px) 100vw, 1024px\" \/><figcaption class=\"wp-element-caption\">Robles blancos iluminados por el sol en el Sendero de la Meseta Mosier. Foto de Dave Edwards Noyes. <\/figcaption><\/figure>\n\n<p>La foto ganadora del gran premio de Edwards Noyes fue tomada en la primavera de 2023 en Mosier Plateau Trail, en el lado de Oreg\u00f3n del r\u00edo Columbia, utilizando una c\u00e1mara sin espejo Sony ILCE-7RM3A con un objetivo de 24-70 mm. &#8220;No esperaba que se desplegara ante m\u00ed esta hermosa escena cuando visit\u00e9 las cataratas Mosier Creek por primera vez en la primavera de 2023&#8221;, dijo Edwards Noyes, profesor de m\u00fasica de la escuela primaria Sojourner de Milwaukie. &#8220;La sabidur\u00eda nudosa del roble, la luz dorada del sol del atardecer que se reflejaba en las ramas arqueadas y en la hierba nueva, y el sendero que serpenteaba a trav\u00e9s de \u00e9l me hicieron detenerme en seco. En aquel momento, tan perfecto, sent\u00ed una sincera gratitud por encontrarme en medio de tal esplendor. He recorrido cientos de kil\u00f3metros remontando los arroyos y bordeando los acantilados de la Garganta del r\u00edo Columbia, y a\u00fan as\u00ed este hermoso paisaje sigue sorprendi\u00e9ndome e inspir\u00e1ndome.&#8221; &#8220;Hay tantos elementos diferentes presentes en esta foto&#8221;, seg\u00fan la juez del concurso Paloma Ayala, fot\u00f3grafa profesional y dise\u00f1adora gr\u00e1fica de Hood River que ha formado parte de la junta directiva de Columbia Riverkeeper y Next Door. &#8220;Resiliencia, una invitaci\u00f3n y una tarde encantadora. Esta foto habla de la resiliencia de la tierra. Los robles son un buen s\u00edmbolo de fuerza y fragilidad. Sus cualidades de resistencia al fuego, su resistencia a la flexi\u00f3n del viento e incluso su proximidad a la urbanizaci\u00f3n as\u00ed lo demuestran. Vemos un sendero solitario, una invitaci\u00f3n abierta a disfrutar de la naturaleza y absorber la soledad de una tarde ba\u00f1ada en un relajante contraluz.&#8221;  <\/p>\n\n<p>El jurado, compuesto por tres miembros, cont\u00f3 con la ayuda del personal de Friends, que ayud\u00f3 a seleccionar los trabajos presentados y a elaborar una lista de finalistas para su revisi\u00f3n por parte de los jueces. El concurso ped\u00eda a los fot\u00f3grafos que presentaran fotos en cualquiera de las seis categor\u00edas: Fotograf\u00eda Nocturna, Paisaje del Desfiladero Oriental, Paisaje del Desfiladero Occidental, Bajo el Agua, Cascadas y Flores Silvestres y Vida Salvaje. Se a\u00f1adi\u00f3 una subcategor\u00eda de tel\u00e9fonos con c\u00e1mara que inclu\u00eda fotos de cualquier categor\u00eda tomadas con un tel\u00e9fono m\u00f3vil. Adem\u00e1s, los Amigos concedieron un premio a una categor\u00eda especial &#8220;Elegida por el Personal&#8221;.     <\/p>\n\n<p>En los \u00faltimos nueve a\u00f1os, el concurso fotogr\u00e1fico de los Amigos ha recibido casi 3.500 fotograf\u00edas y ha dado a los entusiastas de la fotograf\u00eda -profesionales y aficionados por igual- la oportunidad de captar la sensaci\u00f3n de asombro y maravilla que la Garganta del Columbia infunde tanto a sus residentes como a los millones de personas que la visitan cada a\u00f1o.<\/p>\n\n<h4 class=\"wp-block-heading\"><strong>GorgeGram: Enmarcado en Ganadores de Belleza<\/strong><\/h4>\n\n<ul class=\"wp-block-list\">\n<li><a href=\"https:\/\/gorgefriends.smugmug.com\/Photo-Contests\/2023-24-Photo-Contest-GorgeGram\/Category-Winners-2024-Photo-Contest\/i-w2NSLhN\/A\" target=\"_blank\" rel=\"noreferrer noopener\">Gran Premio: Dave Edwards Noyes<\/a> (Portland, OR)<\/li>\n\n\n\n<li><a href=\"https:\/\/gorgefriends.smugmug.com\/Photo-Contests\/2023-24-Photo-Contest-GorgeGram\/Category-Winners-2024-Photo-Contest\/i-xG6NpW6\/A\" target=\"_blank\" rel=\"noreferrer noopener\">Noche: Jarrod Lyman<\/a> (Gresham, OR)<\/li>\n\n\n\n<li><a href=\"https:\/\/gorgefriends.smugmug.com\/Photo-Contests\/2023-24-Photo-Contest-GorgeGram\/Category-Winners-2024-Photo-Contest\/i-7dbcMN2\/A\" target=\"_blank\" rel=\"noreferrer noopener\">Garganta esc\u00e9nica oriental: Susan Conklin<\/a> (Hood River, OR)<\/li>\n\n\n\n<li><a href=\"https:\/\/gorgefriends.smugmug.com\/Photo-Contests\/2023-24-Photo-Contest-GorgeGram\/Category-Winners-2024-Photo-Contest\/i-HkVXb2s\/A\" target=\"_blank\" rel=\"noreferrer noopener\">Desfiladero panor\u00e1mico occidental: Drew Torrente<\/a> (Corbett, OR)<\/li>\n\n\n\n<li><a href=\"https:\/\/gorgefriends.smugmug.com\/Photo-Contests\/2023-24-Photo-Contest-GorgeGram\/Category-Winners-2024-Photo-Contest\/i-NcPpNL3\/A\" target=\"_blank\" rel=\"noreferrer noopener\">Bajo el agua: John Kutasz<\/a> (Portland, OR)<\/li>\n\n\n\n<li><a href=\"https:\/\/gorgefriends.smugmug.com\/Photo-Contests\/2023-24-Photo-Contest-GorgeGram\/Category-Winners-2024-Photo-Contest\/i-qCFxVT5\/A\" target=\"_blank\" rel=\"noreferrer noopener\">Cascadas: Matthew Norman<\/a> (Portland, OR)<\/li>\n\n\n\n<li><a href=\"https:\/\/gorgefriends.smugmug.com\/Photo-Contests\/2023-24-Photo-Contest-GorgeGram\/Category-Winners-2024-Photo-Contest\/i-FWm8GsH\/A\" target=\"_blank\" rel=\"noreferrer noopener\">Flores silvestres y vida salvaje: Jacob Begis<\/a> (White Salmon, WA)<\/li>\n\n\n\n<li><a href=\"https:\/\/gorgefriends.smugmug.com\/Photo-Contests\/2023-24-Photo-Contest-GorgeGram\/Category-Winners-2024-Photo-Contest\/i-LfD2rbw\/A\" target=\"_blank\" rel=\"noreferrer noopener\">Elecci\u00f3n del personal de Friends: Gregg Kerber<\/a> (Oregon City, OR)<\/li>\n\n\n\n<li><a href=\"https:\/\/gorgefriends.smugmug.com\/Photo-Contests\/2023-24-Photo-Contest-GorgeGram\/Category-Winners-2024-Photo-Contest\/i-v7TzGBt\/A\" target=\"_blank\" rel=\"noreferrer noopener\">Tel\u00e9fono con c\u00e1mara: Marian Szczepanski<\/a> (Hood River, OR)<\/li>\n<\/ul>\n","protected":false},"excerpt":{"rendered":"<p>Un maestra de Portland gana el Gran Premio del Concurso de Fotograf\u00eda 2024 de los Amigos de la Garganta del Columbia La imagen ganadora capta robles blancos de Oreg\u00f3n iluminados [&hellip;]<\/p>\n","protected":false},"author":6,"featured_media":2323,"parent":0,"menu_order":0,"comment_status":"closed","ping_status":"closed","template":"","meta":{"_acf_changed":false,"footnotes":""},"class_list":["post-4381","page","type-page","status-publish","has-post-thumbnail","hentry"],"acf":[],"_links":{"self":[{"href":"http:\/\/gorgefriends.org\/es\/wp-json\/wp\/v2\/pages\/4381"}],"collection":[{"href":"http:\/\/gorgefriends.org\/es\/wp-json\/wp\/v2\/pages"}],"about":[{"href":"http:\/\/gorgefriends.org\/es\/wp-json\/wp\/v2\/types\/page"}],"author":[{"embeddable":true,"href":"http:\/\/gorgefriends.org\/es\/wp-json\/wp\/v2\/users\/6"}],"replies":[{"embeddable":true,"href":"http:\/\/gorgefriends.org\/es\/wp-json\/wp\/v2\/comments?post=4381"}],"version-history":[{"count":1,"href":"http:\/\/gorgefriends.org\/es\/wp-json\/wp\/v2\/pages\/4381\/revisions"}],"predecessor-version":[{"id":4382,"href":"http:\/\/gorgefriends.org\/es\/wp-json\/wp\/v2\/pages\/4381\/revisions\/4382"}],"wp:featuredmedia":[{"embeddable":true,"href":"http:\/\/gorgefriends.org\/es\/wp-json\/wp\/v2\/media\/2323"}],"wp:attachment":[{"href":"http:\/\/gorgefriends.org\/es\/wp-json\/wp\/v2\/media?parent=4381"}],"curies":[{"name":"wp","href":"https:\/\/api.w.org\/{rel}","templated":true}]}}